{"id":6482,"date":"2020-04-27T12:36:14","date_gmt":"2020-04-27T12:36:14","guid":{"rendered":"https:\/\/cancortada.com\/quienes-somos\/"},"modified":"2022-02-14T17:30:49","modified_gmt":"2022-02-14T17:30:49","slug":"qui-som","status":"publish","type":"page","link":"https:\/\/cancortada.com\/ca\/qui-som\/","title":{"rendered":"Qui som"},"content":{"rendered":"\t\t<div data-elementor-type=\"wp-page\" data-elementor-id=\"6482\" class=\"elementor elementor-6482 elementor-3310\">\n\t\t\t\t\t\t<section class=\"has_eae_slider elementor-section elementor-top-section elementor-element elementor-element-4aa26a3 eltdf-elementor-row-grid-section elementor-section-full_width elementor-section-height-default elementor-section-height-default eltdf-parallax-row-no eltdf-content-aligment-left eltdf-disabled-bg-image-bellow-no\" data-id=\"4aa26a3\" data-element_type=\"section\">\n\t\t\t\t\t\t<div class=\"elementor-container elementor-column-gap-default\">\n\t\t\t\t\t<div class=\"has_eae_slider elementor-column elementor-col-100 elementor-top-column elementor-element elementor-element-cd6ddc3\" data-id=\"cd6ddc3\" data-element_type=\"column\">\n\t\t\t<div class=\"elementor-widget-wrap elementor-element-populated\">\n\t\t\t\t\t\t<section class=\"has_eae_slider elementor-section elementor-inner-section elementor-element elementor-element-b2d9698 elementor-section-boxed elementor-section-height-default elementor-section-height-default eltdf-parallax-row-no eltdf-content-aligment-left eltdf-elementor-row-grid-no eltdf-disabled-bg-image-bellow-no\" data-id=\"b2d9698\" data-element_type=\"section\">\n\t\t\t\t\t\t<div class=\"elementor-container elementor-column-gap-default\">\n\t\t\t\t\t<div class=\"has_eae_slider elementor-column elementor-col-100 elementor-inner-column elementor-element elementor-element-5c0af25\" data-id=\"5c0af25\" data-element_type=\"column\">\n\t\t\t<div class=\"elementor-widget-wrap elementor-element-populated\">\n\t\t\t\t\t\t<div class=\"elementor-element elementor-element-538e11b elementor-widget elementor-widget-eltdf_section_title\" data-id=\"538e11b\" data-element_type=\"widget\" data-widget_type=\"eltdf_section_title.default\">\n\t\t\t\t<div class=\"elementor-widget-container\">\n\t\t\t<div class=\"eltdf-section-title-holder    \" style=\"text-align: center\">\n\t<div class=\"eltdf-st-inner\">\n        \t\t            <div class=\"eltdf-st-title-holder\">\n                                    <div class=\"decor\"><svg xmlns=\"http:\/\/www.w3.org\/2000\/svg\" width=\"41.125\" height=\"9.146\">\n                            <path fill=\"none\" stroke=\"#9C7C57\" stroke-miterlimit=\"10\" d=\"M40.881 8.576L20.562.591.244 8.576\"\/>\n                            <path fill=\"none\" stroke=\"#9C7C57\" stroke-miterlimit=\"10\" d=\"M40.881.591L20.562 8.576.243.591\"\/>\n                        <\/svg><\/div>\n                                <h3 class=\"eltdf-st-title\" >\n                    Un castell amb segles d\u2019hist\u00f2ria                <\/h3>\n                                    <div class=\"decor\"><svg xmlns=\"http:\/\/www.w3.org\/2000\/svg\" width=\"41.125\" height=\"9.146\">\n                            <path fill=\"none\" stroke=\"#9C7C57\" stroke-miterlimit=\"10\" d=\"M40.881 8.576L20.562.591.244 8.576\"\/>\n                            <path fill=\"none\" stroke=\"#9C7C57\" stroke-miterlimit=\"10\" d=\"M40.881.591L20.562 8.576.243.591\"\/>\n                        <\/svg><\/div>\n                            <\/div>\n\t\t\t\t\t\t\t<\/div>\n<\/div>\t\t<\/div>\n\t\t\t\t<\/div>\n\t\t\t\t\t<\/div>\n\t\t<\/div>\n\t\t\t\t\t<\/div>\n\t\t<\/section>\n\t\t\t\t<section class=\"has_eae_slider elementor-section elementor-inner-section elementor-element elementor-element-581d2a8 elementor-section-content-middle elementor-section-boxed elementor-section-height-default elementor-section-height-default eltdf-parallax-row-no eltdf-content-aligment-left eltdf-elementor-row-grid-no eltdf-disabled-bg-image-bellow-no\" data-id=\"581d2a8\" data-element_type=\"section\">\n\t\t\t\t\t\t<div class=\"elementor-container elementor-column-gap-default\">\n\t\t\t\t\t<div class=\"has_eae_slider elementor-column elementor-col-50 elementor-inner-column elementor-element elementor-element-50a49b8\" data-id=\"50a49b8\" data-element_type=\"column\">\n\t\t\t<div class=\"elementor-widget-wrap elementor-element-populated\">\n\t\t\t\t\t\t<div class=\"elementor-element elementor-element-c302640 elementor-widget elementor-widget-image\" data-id=\"c302640\" data-element_type=\"widget\" data-widget_type=\"image.default\">\n\t\t\t\t<div class=\"elementor-widget-container\">\n\t\t\t\t\t\t\t\t\t\t\t\t\t\t<a href=\"https:\/\/cancortada.com\/wp-content\/uploads\/2021\/10\/can-cortada-1931.jpg\" data-elementor-open-lightbox=\"yes\" data-elementor-lightbox-title=\"can cortada 1931\" data-e-action-hash=\"#elementor-action%3Aaction%3Dlightbox%26settings%3DeyJpZCI6NTg3MCwidXJsIjoiaHR0cHM6XC9cL2NhbmNvcnRhZGEuY29tXC93cC1jb250ZW50XC91cGxvYWRzXC8yMDIxXC8xMFwvY2FuLWNvcnRhZGEtMTkzMS5qcGcifQ%3D%3D\">\n\t\t\t\t\t\t\t<img fetchpriority=\"high\" decoding=\"async\" width=\"300\" height=\"215\" src=\"https:\/\/cancortada.com\/wp-content\/uploads\/2021\/10\/can-cortada-1931-300x215.jpg\" class=\"attachment-medium size-medium wp-image-5870\" alt=\"\" srcset=\"https:\/\/cancortada.com\/wp-content\/uploads\/2021\/10\/can-cortada-1931-300x215.jpg 300w, https:\/\/cancortada.com\/wp-content\/uploads\/2021\/10\/can-cortada-1931.jpg 478w\" sizes=\"(max-width: 300px) 100vw, 300px\" \/>\t\t\t\t\t\t\t\t<\/a>\n\t\t\t\t\t\t\t\t\t\t\t\t\t<\/div>\n\t\t\t\t<\/div>\n\t\t\t\t<div class=\"elementor-element elementor-element-3f73d6f elementor-widget elementor-widget-image\" data-id=\"3f73d6f\" data-element_type=\"widget\" data-widget_type=\"image.default\">\n\t\t\t\t<div class=\"elementor-widget-container\">\n\t\t\t\t\t\t\t\t\t\t\t\t\t\t<a href=\"https:\/\/cancortada.com\/wp-content\/uploads\/2021\/10\/4-10_1.jpg\" data-elementor-open-lightbox=\"yes\" data-elementor-lightbox-title=\"4-10_1\" data-e-action-hash=\"#elementor-action%3Aaction%3Dlightbox%26settings%3DeyJpZCI6NTc2NSwidXJsIjoiaHR0cHM6XC9cL2NhbmNvcnRhZGEuY29tXC93cC1jb250ZW50XC91cGxvYWRzXC8yMDIxXC8xMFwvNC0xMF8xLmpwZyJ9\">\n\t\t\t\t\t\t\t<img decoding=\"async\" width=\"300\" height=\"200\" src=\"https:\/\/cancortada.com\/wp-content\/uploads\/2021\/10\/4-10_1-300x200.jpg\" class=\"attachment-medium size-medium wp-image-5765\" alt=\"\" srcset=\"https:\/\/cancortada.com\/wp-content\/uploads\/2021\/10\/4-10_1-300x200.jpg 300w, https:\/\/cancortada.com\/wp-content\/uploads\/2021\/10\/4-10_1.jpg 640w\" sizes=\"(max-width: 300px) 100vw, 300px\" \/>\t\t\t\t\t\t\t\t<\/a>\n\t\t\t\t\t\t\t\t\t\t\t\t\t<\/div>\n\t\t\t\t<\/div>\n\t\t\t\t<div class=\"elementor-element elementor-element-ba57a43 elementor-widget elementor-widget-image\" data-id=\"ba57a43\" data-element_type=\"widget\" data-widget_type=\"image.default\">\n\t\t\t\t<div class=\"elementor-widget-container\">\n\t\t\t\t\t\t\t\t\t\t\t\t\t\t<a href=\"https:\/\/cancortada.com\/wp-content\/uploads\/2021\/10\/can-cortada-1910.jpg\" data-elementor-open-lightbox=\"yes\" data-elementor-lightbox-title=\"can cortada 1910\" data-e-action-hash=\"#elementor-action%3Aaction%3Dlightbox%26settings%3DeyJpZCI6NTg2NywidXJsIjoiaHR0cHM6XC9cL2NhbmNvcnRhZGEuY29tXC93cC1jb250ZW50XC91cGxvYWRzXC8yMDIxXC8xMFwvY2FuLWNvcnRhZGEtMTkxMC5qcGcifQ%3D%3D\">\n\t\t\t\t\t\t\t<img decoding=\"async\" width=\"300\" height=\"219\" src=\"https:\/\/cancortada.com\/wp-content\/uploads\/2021\/10\/can-cortada-1910-300x219.jpg\" class=\"attachment-medium size-medium wp-image-5867\" alt=\"\" srcset=\"https:\/\/cancortada.com\/wp-content\/uploads\/2021\/10\/can-cortada-1910-300x219.jpg 300w, https:\/\/cancortada.com\/wp-content\/uploads\/2021\/10\/can-cortada-1910.jpg 479w\" sizes=\"(max-width: 300px) 100vw, 300px\" \/>\t\t\t\t\t\t\t\t<\/a>\n\t\t\t\t\t\t\t\t\t\t\t\t\t<\/div>\n\t\t\t\t<\/div>\n\t\t\t\t\t<\/div>\n\t\t<\/div>\n\t\t\t\t<div class=\"has_eae_slider elementor-column elementor-col-50 elementor-inner-column elementor-element elementor-element-80a987b\" data-id=\"80a987b\" data-element_type=\"column\">\n\t\t\t<div class=\"elementor-widget-wrap elementor-element-populated\">\n\t\t\t\t\t\t<div class=\"elementor-element elementor-element-96a125c elementor-widget elementor-widget-text-editor\" data-id=\"96a125c\" data-element_type=\"widget\" data-widget_type=\"text-editor.default\">\n\t\t\t\t<div class=\"elementor-widget-container\">\n\t\t\t\t\t\t\t<p>Els inicis de l\u2019actual masia <strong>Can Cortada<\/strong> es remunten al segle XI, quan els senyor d\u2019Horta van construir una Torre de Defensa com a prevenci\u00f3 de possibles atacs feudals.<\/p><p>\u2748<\/p><p>Durant el segle XV la torre es va transformar en un castell i durant els 350 anys seg\u00fcents va tenir una forta tradici\u00f3 agr\u00edcola. En el segle XVI es va convertir en una f\u00e8rtil masia que abastia els mercats d\u2019Horta i de Gr\u00e0cia. A l\u2019any 1994 la masia fou transformada en un restaurant conservant perfectament la seva estructura i com a t\u00edpica masia catalana.<\/p><p>\u2748<\/p><p><strong>Can Cortada<\/strong>\u00a0t\u00e9 arrels catalanes i la seva cuina aix\u00ed ho transmet oferint productes aut\u00f2ctons de qualitat. La seva gran varietat de plats satisfaran els m\u00e9s exigents comensals que vulguin gaudir d\u2019una autentica masia catalana dins de la ciutat de Barcelona.<\/p><p>\u2748<\/p><p><strong>Can Cortada<\/strong> forma part del Grup Travi, sin\u00f2nim de qualitat, servei i bon gust, marcat sempre per un ambient acollidor i familiar.<\/p>\t\t\t\t\t\t<\/div>\n\t\t\t\t<\/div>\n\t\t\t\t<div class=\"elementor-element elementor-element-f72019a botones elementor-widget elementor-widget-eltdf_button\" data-id=\"f72019a\" data-element_type=\"widget\" data-widget_type=\"eltdf_button.default\">\n\t\t\t\t<div class=\"elementor-widget-container\">\n\t\t\t<a itemprop=\"url\" href=\"http:\/\/www.btv.cat\/btvnoticies\/2014\/04\/10\/can-cortada-historia-castell-de-defensa-restaurant\/\" target=\"_blank\"  class=\"eltdf-btn eltdf-btn-medium eltdf-btn-outline\"  >\n        <span class=\"eltdf-btn-text\">Veure video<\/span>\n    <i class=\"eltdf-icon-simple-line-icon  \" ><\/i>    <\/a>\t\t<\/div>\n\t\t\t\t<\/div>\n\t\t\t\t\t<\/div>\n\t\t<\/div>\n\t\t\t\t\t<\/div>\n\t\t<\/section>\n\t\t\t\t\t<\/div>\n\t\t<\/div>\n\t\t\t\t\t<\/div>\n\t\t<\/section>\n\t\t\t\t<section class=\"has_eae_slider elementor-section elementor-top-section elementor-element elementor-element-7a9ce99 elementor-section-boxed elementor-section-height-default elementor-section-height-default eltdf-parallax-row-no eltdf-content-aligment-left eltdf-elementor-row-grid-no eltdf-disabled-bg-image-bellow-no\" data-id=\"7a9ce99\" data-element_type=\"section\">\n\t\t\t\t\t\t<div class=\"elementor-container elementor-column-gap-default\">\n\t\t\t\t\t<div class=\"has_eae_slider elementor-column elementor-col-100 elementor-top-column elementor-element elementor-element-5f926d2\" data-id=\"5f926d2\" data-element_type=\"column\">\n\t\t\t<div class=\"elementor-widget-wrap elementor-element-populated\">\n\t\t\t\t\t\t<div class=\"elementor-element elementor-element-ddde3d0 elementor-widget elementor-widget-eltdf_testimonials\" data-id=\"ddde3d0\" data-element_type=\"widget\" data-widget_type=\"eltdf_testimonials.default\">\n\t\t\t\t<div class=\"elementor-widget-container\">\n\t\t\t<div class=\"eltdf-testimonials-holder clearfix eltdf-testimonials-standard \">\n    <div class=\"eltdf-testimonials-mark\"><\/div>\n    <div class=\"eltdf-testimonials eltdf-owl-slider\" data-number-of-items=\"1\" data-enable-loop=\"yes\" data-enable-autoplay=\"yes\" data-slider-speed=\"5000\" data-slider-speed-animation=\"600\" data-enable-navigation=\"yes\" data-enable-pagination=\"yes\" >\n\n    \n            <div class=\"eltdf-testimonial-content\" id=\"eltdf-testimonials-6470\">\n                <div class=\"eltdf-testimonial-text-holder\">\n                                                                <p class=\"eltdf-testimonial-text\">\u201cUn parad\u00eds en mig de Barcelona. T\u00edpica Masia catalana que ofereix una oferta gastron\u00f2mica molt interessant a un preu raonable. Menci\u00f3 especial al exquisit tracte de responsables de sala i cambrers. Salons interiors amb molta hist\u00f2ria i una terrassa id\u00edlica per gaudir d\u2019un magn\u00edfic sopar a les nits d\u2019estiu. Absolutament recomanable.\u201d<\/p>\n                                                                <h5 class=\"eltdf-testimonial-author\">\n                            <span class=\"eltdf-testimonials-author-name\">Can Cortada<\/span>\n                        <\/h5>\n                                                        <\/div>\n                            <\/div>\n\n    \n            <div class=\"eltdf-testimonial-content\" id=\"eltdf-testimonials-6472\">\n                <div class=\"eltdf-testimonial-text-holder\">\n                                                                <p class=\"eltdf-testimonial-text\">\u201cRestaurant emblem\u00e0tic de Barcelona. Menjar molt bo, cuina casolana, plats generosos en un espai privilegiat. Els cambrers molt atents, segueixen acuradament els protocols de la Covid. Molt agradable, especialment per celebracions. Comoditats per anar-hi amb nens.\u201d<\/p>\n                                                                <h5 class=\"eltdf-testimonial-author\">\n                            <span class=\"eltdf-testimonials-author-name\">Can Cortada<\/span>\n                        <\/h5>\n                                                        <\/div>\n                            <\/div>\n\n    \n            <div class=\"eltdf-testimonial-content\" id=\"eltdf-testimonials-6474\">\n                <div class=\"eltdf-testimonial-text-holder\">\n                                                                <p class=\"eltdf-testimonial-text\">\u201cLloc espectacular a BCN on menjar plats de tota la vida per\u00f2 de qualitat. Servei atent, especialitzat i simp\u00e0tic. El preu va en relaci\u00f3 al lloc, a la carta i a la qualitat. Val la pena anar-hi.\u201d<\/p>\n                                                                <h5 class=\"eltdf-testimonial-author\">\n                            <span class=\"eltdf-testimonials-author-name\">Can Cortada<\/span>\n                        <\/h5>\n                                                        <\/div>\n                            <\/div>\n\n    \n    <\/div>\n<\/div>\t\t<\/div>\n\t\t\t\t<\/div>\n\t\t\t\t\t<\/div>\n\t\t<\/div>\n\t\t\t\t\t<\/div>\n\t\t<\/section>\n\t\t\t\t<\/div>\n\t\t","protected":false},"excerpt":{"rendered":"<p>&nbsp; Un castell amb segles d\u2019hist\u00f2ria Els inicis de l\u2019actual masia Can Cortada es remunten al segle XI, quan els senyor d\u2019Horta van construir una Torre de Defensa com a prevenci\u00f3 de possibles atacs feudals. \u2748 Durant el segle XV [&hellip;]<\/p>\n","protected":false},"author":1,"featured_media":0,"parent":0,"menu_order":0,"comment_status":"closed","ping_status":"closed","template":"full-width.php","meta":{"footnotes":""},"yoast_head":"<!-- This site is optimized with the Yoast SEO plugin v24.5 - https:\/\/yoast.com\/wordpress\/plugins\/seo\/ -->\n<title>Qui som - Can Cortada<\/title>\n<meta name=\"description\" content=\"Can Cortada t\u00e9 arrels catalanes i la seva cuina aix\u00ed ho transmet oferint productes aut\u00f2ctons de qualitat.\" \/>\n<meta name=\"robots\" content=\"index, follow, max-snippet:-1, max-image-preview:large, max-video-preview:-1\" \/>\n<link rel=\"canonical\" href=\"https:\/\/cancortada.com\/ca\/qui-som\/\" \/>\n<meta property=\"og:locale\" content=\"ca_ES\" \/>\n<meta property=\"og:type\" content=\"article\" \/>\n<meta property=\"og:title\" content=\"Arrels Catalanes\" \/>\n<meta property=\"og:description\" content=\"Can Cortada t\u00e9 arrels catalanes i la seva cuina aix\u00ed ho transmet oferint productes aut\u00f2ctons de qualitat.\" \/>\n<meta property=\"og:url\" content=\"https:\/\/cancortada.com\/ca\/qui-som\/\" \/>\n<meta property=\"og:site_name\" content=\"Can Cortada\" \/>\n<meta property=\"article:publisher\" content=\"https:\/\/www.facebook.com\/cancortada\/\" \/>\n<meta property=\"article:modified_time\" content=\"2022-02-14T17:30:49+00:00\" \/>\n<meta property=\"og:image\" content=\"https:\/\/cancortada.com\/wp-content\/uploads\/2021\/10\/img_cortada.jpg\" \/>\n\t<meta property=\"og:image:width\" content=\"219\" \/>\n\t<meta property=\"og:image:height\" content=\"162\" \/>\n\t<meta property=\"og:image:type\" content=\"image\/jpeg\" \/>\n<meta name=\"twitter:card\" content=\"summary_large_image\" \/>\n<meta name=\"twitter:title\" content=\"Arrels Catalanes\" \/>\n<meta name=\"twitter:description\" content=\"Can Cortada t\u00e9 arrels catalanes i la seva cuina aix\u00ed ho transmet oferint productes aut\u00f2ctons de qualitat.\" \/>\n<meta name=\"twitter:image\" content=\"https:\/\/cancortada.com\/wp-content\/uploads\/2021\/10\/img_cortada.jpg\" \/>\n<meta name=\"twitter:label1\" content=\"Temps estimat de lectura\" \/>\n\t<meta name=\"twitter:data1\" content=\"2 minuts\" \/>\n<script type=\"application\/ld+json\" class=\"yoast-schema-graph\">{\"@context\":\"https:\/\/schema.org\",\"@graph\":[{\"@type\":\"WebPage\",\"@id\":\"https:\/\/cancortada.com\/ca\/qui-som\/\",\"url\":\"https:\/\/cancortada.com\/ca\/qui-som\/\",\"name\":\"Qui som - Can Cortada\",\"isPartOf\":{\"@id\":\"https:\/\/cancortada.com\/ca\/#website\"},\"primaryImageOfPage\":{\"@id\":\"https:\/\/cancortada.com\/ca\/qui-som\/#primaryimage\"},\"image\":{\"@id\":\"https:\/\/cancortada.com\/ca\/qui-som\/#primaryimage\"},\"thumbnailUrl\":\"https:\/\/cancortada.com\/wp-content\/uploads\/2021\/10\/can-cortada-1931-300x215.jpg\",\"datePublished\":\"2020-04-27T12:36:14+00:00\",\"dateModified\":\"2022-02-14T17:30:49+00:00\",\"description\":\"Can Cortada t\u00e9 arrels catalanes i la seva cuina aix\u00ed ho transmet oferint productes aut\u00f2ctons de qualitat.\",\"breadcrumb\":{\"@id\":\"https:\/\/cancortada.com\/ca\/qui-som\/#breadcrumb\"},\"inLanguage\":\"ca\",\"potentialAction\":[{\"@type\":\"ReadAction\",\"target\":[\"https:\/\/cancortada.com\/ca\/qui-som\/\"]}]},{\"@type\":\"ImageObject\",\"inLanguage\":\"ca\",\"@id\":\"https:\/\/cancortada.com\/ca\/qui-som\/#primaryimage\",\"url\":\"https:\/\/cancortada.com\/wp-content\/uploads\/2021\/10\/can-cortada-1931-300x215.jpg\",\"contentUrl\":\"https:\/\/cancortada.com\/wp-content\/uploads\/2021\/10\/can-cortada-1931-300x215.jpg\"},{\"@type\":\"BreadcrumbList\",\"@id\":\"https:\/\/cancortada.com\/ca\/qui-som\/#breadcrumb\",\"itemListElement\":[{\"@type\":\"ListItem\",\"position\":1,\"name\":\"Portada\",\"item\":\"https:\/\/cancortada.com\/ca\/\"},{\"@type\":\"ListItem\",\"position\":2,\"name\":\"Qui som\"}]},{\"@type\":\"WebSite\",\"@id\":\"https:\/\/cancortada.com\/ca\/#website\",\"url\":\"https:\/\/cancortada.com\/ca\/\",\"name\":\"Can Cortada\",\"description\":\"\",\"publisher\":{\"@id\":\"https:\/\/cancortada.com\/ca\/#organization\"},\"potentialAction\":[{\"@type\":\"SearchAction\",\"target\":{\"@type\":\"EntryPoint\",\"urlTemplate\":\"https:\/\/cancortada.com\/ca\/?s={search_term_string}\"},\"query-input\":{\"@type\":\"PropertyValueSpecification\",\"valueRequired\":true,\"valueName\":\"search_term_string\"}}],\"inLanguage\":\"ca\"},{\"@type\":\"Organization\",\"@id\":\"https:\/\/cancortada.com\/ca\/#organization\",\"name\":\"Can Cortada\",\"url\":\"https:\/\/cancortada.com\/ca\/\",\"logo\":{\"@type\":\"ImageObject\",\"inLanguage\":\"ca\",\"@id\":\"https:\/\/cancortada.com\/ca\/#\/schema\/logo\/image\/\",\"url\":\"https:\/\/cancortada.com\/wp-content\/uploads\/2021\/09\/logo.png\",\"contentUrl\":\"https:\/\/cancortada.com\/wp-content\/uploads\/2021\/09\/logo.png\",\"width\":241,\"height\":241,\"caption\":\"Can Cortada\"},\"image\":{\"@id\":\"https:\/\/cancortada.com\/ca\/#\/schema\/logo\/image\/\"},\"sameAs\":[\"https:\/\/www.facebook.com\/cancortada\/\",\"https:\/\/www.instagram.com\/cancortada\"]}]}<\/script>\n<!-- \/ Yoast SEO plugin. -->","yoast_head_json":{"title":"Qui som - Can Cortada","description":"Can Cortada t\u00e9 arrels catalanes i la seva cuina aix\u00ed ho transmet oferint productes aut\u00f2ctons de qualitat.","robots":{"index":"index","follow":"follow","max-snippet":"max-snippet:-1","max-image-preview":"max-image-preview:large","max-video-preview":"max-video-preview:-1"},"canonical":"https:\/\/cancortada.com\/ca\/qui-som\/","og_locale":"ca_ES","og_type":"article","og_title":"Arrels Catalanes","og_description":"Can Cortada t\u00e9 arrels catalanes i la seva cuina aix\u00ed ho transmet oferint productes aut\u00f2ctons de qualitat.","og_url":"https:\/\/cancortada.com\/ca\/qui-som\/","og_site_name":"Can Cortada","article_publisher":"https:\/\/www.facebook.com\/cancortada\/","article_modified_time":"2022-02-14T17:30:49+00:00","og_image":[{"width":219,"height":162,"url":"https:\/\/cancortada.com\/wp-content\/uploads\/2021\/10\/img_cortada.jpg","type":"image\/jpeg"}],"twitter_card":"summary_large_image","twitter_title":"Arrels Catalanes","twitter_description":"Can Cortada t\u00e9 arrels catalanes i la seva cuina aix\u00ed ho transmet oferint productes aut\u00f2ctons de qualitat.","twitter_image":"https:\/\/cancortada.com\/wp-content\/uploads\/2021\/10\/img_cortada.jpg","twitter_misc":{"Temps estimat de lectura":"2 minuts"},"schema":{"@context":"https:\/\/schema.org","@graph":[{"@type":"WebPage","@id":"https:\/\/cancortada.com\/ca\/qui-som\/","url":"https:\/\/cancortada.com\/ca\/qui-som\/","name":"Qui som - Can Cortada","isPartOf":{"@id":"https:\/\/cancortada.com\/ca\/#website"},"primaryImageOfPage":{"@id":"https:\/\/cancortada.com\/ca\/qui-som\/#primaryimage"},"image":{"@id":"https:\/\/cancortada.com\/ca\/qui-som\/#primaryimage"},"thumbnailUrl":"https:\/\/cancortada.com\/wp-content\/uploads\/2021\/10\/can-cortada-1931-300x215.jpg","datePublished":"2020-04-27T12:36:14+00:00","dateModified":"2022-02-14T17:30:49+00:00","description":"Can Cortada t\u00e9 arrels catalanes i la seva cuina aix\u00ed ho transmet oferint productes aut\u00f2ctons de qualitat.","breadcrumb":{"@id":"https:\/\/cancortada.com\/ca\/qui-som\/#breadcrumb"},"inLanguage":"ca","potentialAction":[{"@type":"ReadAction","target":["https:\/\/cancortada.com\/ca\/qui-som\/"]}]},{"@type":"ImageObject","inLanguage":"ca","@id":"https:\/\/cancortada.com\/ca\/qui-som\/#primaryimage","url":"https:\/\/cancortada.com\/wp-content\/uploads\/2021\/10\/can-cortada-1931-300x215.jpg","contentUrl":"https:\/\/cancortada.com\/wp-content\/uploads\/2021\/10\/can-cortada-1931-300x215.jpg"},{"@type":"BreadcrumbList","@id":"https:\/\/cancortada.com\/ca\/qui-som\/#breadcrumb","itemListElement":[{"@type":"ListItem","position":1,"name":"Portada","item":"https:\/\/cancortada.com\/ca\/"},{"@type":"ListItem","position":2,"name":"Qui som"}]},{"@type":"WebSite","@id":"https:\/\/cancortada.com\/ca\/#website","url":"https:\/\/cancortada.com\/ca\/","name":"Can Cortada","description":"","publisher":{"@id":"https:\/\/cancortada.com\/ca\/#organization"},"potentialAction":[{"@type":"SearchAction","target":{"@type":"EntryPoint","urlTemplate":"https:\/\/cancortada.com\/ca\/?s={search_term_string}"},"query-input":{"@type":"PropertyValueSpecification","valueRequired":true,"valueName":"search_term_string"}}],"inLanguage":"ca"},{"@type":"Organization","@id":"https:\/\/cancortada.com\/ca\/#organization","name":"Can Cortada","url":"https:\/\/cancortada.com\/ca\/","logo":{"@type":"ImageObject","inLanguage":"ca","@id":"https:\/\/cancortada.com\/ca\/#\/schema\/logo\/image\/","url":"https:\/\/cancortada.com\/wp-content\/uploads\/2021\/09\/logo.png","contentUrl":"https:\/\/cancortada.com\/wp-content\/uploads\/2021\/09\/logo.png","width":241,"height":241,"caption":"Can Cortada"},"image":{"@id":"https:\/\/cancortada.com\/ca\/#\/schema\/logo\/image\/"},"sameAs":["https:\/\/www.facebook.com\/cancortada\/","https:\/\/www.instagram.com\/cancortada"]}]}},"_links":{"self":[{"href":"https:\/\/cancortada.com\/ca\/wp-json\/wp\/v2\/pages\/6482"}],"collection":[{"href":"https:\/\/cancortada.com\/ca\/wp-json\/wp\/v2\/pages"}],"about":[{"href":"https:\/\/cancortada.com\/ca\/wp-json\/wp\/v2\/types\/page"}],"author":[{"embeddable":true,"href":"https:\/\/cancortada.com\/ca\/wp-json\/wp\/v2\/users\/1"}],"replies":[{"embeddable":true,"href":"https:\/\/cancortada.com\/ca\/wp-json\/wp\/v2\/comments?post=6482"}],"version-history":[{"count":1,"href":"https:\/\/cancortada.com\/ca\/wp-json\/wp\/v2\/pages\/6482\/revisions"}],"predecessor-version":[{"id":7757,"href":"https:\/\/cancortada.com\/ca\/wp-json\/wp\/v2\/pages\/6482\/revisions\/7757"}],"wp:attachment":[{"href":"https:\/\/cancortada.com\/ca\/wp-json\/wp\/v2\/media?parent=6482"}],"curies":[{"name":"wp","href":"https:\/\/api.w.org\/{rel}","templated":true}]}}