{"id":7856,"date":"2021-09-13T19:45:50","date_gmt":"2021-09-13T19:45:50","guid":{"rendered":"https:\/\/cancortada.com\/aviso-legal\/"},"modified":"2022-02-24T10:53:16","modified_gmt":"2022-02-24T09:53:16","slug":"avis-legal","status":"publish","type":"page","link":"https:\/\/cancortada.com\/ca\/avis-legal\/","title":{"rendered":"Av\u00eds legal"},"content":{"rendered":"\t\t<div data-elementor-type=\"wp-page\" data-elementor-id=\"7856\" class=\"elementor elementor-7856 elementor-5629\">\n\t\t\t\t\t\t<section class=\"has_eae_slider elementor-section elementor-top-section elementor-element elementor-element-a4bec1e elementor-section-boxed elementor-section-height-default elementor-section-height-default eltdf-parallax-row-no eltdf-content-aligment-left eltdf-elementor-row-grid-no eltdf-disabled-bg-image-bellow-no\" data-id=\"a4bec1e\" data-element_type=\"section\">\n\t\t\t\t\t\t<div class=\"elementor-container elementor-column-gap-default\">\n\t\t\t\t\t<div class=\"has_eae_slider elementor-column elementor-col-100 elementor-top-column elementor-element elementor-element-0f7b1fc\" data-id=\"0f7b1fc\" data-element_type=\"column\">\n\t\t\t<div class=\"elementor-widget-wrap elementor-element-populated\">\n\t\t\t\t\t\t<div class=\"elementor-element elementor-element-d7abd79 elementor-widget elementor-widget-heading\" data-id=\"d7abd79\" data-element_type=\"widget\" data-widget_type=\"heading.default\">\n\t\t\t\t<div class=\"elementor-widget-container\">\n\t\t\t<h2 class=\"elementor-heading-title elementor-size-default\">Av\u00eds legal<\/h2>\t\t<\/div>\n\t\t\t\t<\/div>\n\t\t\t\t\t<\/div>\n\t\t<\/div>\n\t\t\t\t\t<\/div>\n\t\t<\/section>\n\t\t\t\t<section class=\"has_eae_slider elementor-section elementor-top-section elementor-element elementor-element-013ea66 elementor-section-boxed elementor-section-height-default elementor-section-height-default eltdf-parallax-row-no eltdf-content-aligment-left eltdf-elementor-row-grid-no eltdf-disabled-bg-image-bellow-no\" data-id=\"013ea66\" data-element_type=\"section\">\n\t\t\t\t\t\t<div class=\"elementor-container elementor-column-gap-default\">\n\t\t\t\t\t<div class=\"has_eae_slider elementor-column elementor-col-100 elementor-top-column elementor-element elementor-element-d4fd1d6\" data-id=\"d4fd1d6\" data-element_type=\"column\">\n\t\t\t<div class=\"elementor-widget-wrap elementor-element-populated\">\n\t\t\t\t\t\t<div class=\"elementor-element elementor-element-ad55027 elementor-widget elementor-widget-text-editor\" data-id=\"ad55027\" data-element_type=\"widget\" data-widget_type=\"text-editor.default\">\n\t\t\t\t<div class=\"elementor-widget-container\">\n\t\t\t\t\t\t\t<p>Aquest web ha estat creat per GRUP TRAVI (MASIA CAN CORTADA SA \u2013 CAN TRAVI NOU S.L. \u2013 XALET DE MONTJUIC SL) amb car\u00e0cter informatiu per al seu \u00fas personal i gratu\u00eft.<\/p><p>\u00a0<\/p><p><strong>MASIA CAN CORTADA SA<\/strong>. en compliment de la normativa vigent en mat\u00e8ria de protecci\u00f3 de dades de car\u00e0cter personal Llei Org\u00e0nica 3\/2018 i en concordan\u00e7a amb el que expressa el Reglament (RGPDUE) 2016\/679 del Parlament Europeu i del Consell, aix\u00ed com de la regulaci\u00f3 existent en mat\u00e8ria de Serveis de la Societat de la Informaci\u00f3 i de Comer\u00e7 Electr\u00f2nic (Llei 34\/2002), posa en coneixement seu les presents condicions generals d&#8217;\u00fas que s&#8217;apliquen a totes les operacions realitzades a trav\u00e9s del web: WWW.CANCORTADA.COM.<\/p><p>\u00a0<\/p><p>D&#8217;acord amb la llei 34\/2002 de \u201cServeis de la Societat d&#8217;Informaci\u00f3 i el Comer\u00e7 Electr\u00f2nic\u201d en vigor des del juliol del 2002, comuniquem que aquest lloc web pertany a:<\/p><p><strong>Nom fiscal de la societat<\/strong>: MASIA CAN CORTADA SA<\/p><p><strong>CIF de la societat<\/strong>: A58628348<\/p><p><strong>Domicili de la societat<\/strong>: PLA\u00c7A JOSEP PALLACH, 14 \u2013 CP. 08035 BARCELONA<\/p><p><strong>Tel\u00e8fon:<\/strong> +34 93 427 23 15<\/p><p><strong>Adre\u00e7a de correu electr\u00f2nic de la societat<\/strong>: cancortada@gruptravi.com<\/p><p><strong>Dades legals i\/o registrals de la societat:<\/strong><\/p><p>Inscrita al:<\/p><p>Tom 36701<\/p><p>Foli 23<\/p><p>Full B 34940<\/p><p>Registre Mercantil de Barcelona<\/p>\t\t\t\t\t\t<\/div>\n\t\t\t\t<\/div>\n\t\t\t\t\t<\/div>\n\t\t<\/div>\n\t\t\t\t\t<\/div>\n\t\t<\/section>\n\t\t\t\t<section class=\"has_eae_slider elementor-section elementor-top-section elementor-element elementor-element-51ec7a9 elementor-section-boxed elementor-section-height-default elementor-section-height-default eltdf-parallax-row-no eltdf-content-aligment-left eltdf-elementor-row-grid-no eltdf-disabled-bg-image-bellow-no\" data-id=\"51ec7a9\" data-element_type=\"section\">\n\t\t\t\t\t\t<div class=\"elementor-container elementor-column-gap-default\">\n\t\t\t\t\t<div class=\"has_eae_slider elementor-column elementor-col-100 elementor-top-column elementor-element elementor-element-1f41d12\" data-id=\"1f41d12\" data-element_type=\"column\">\n\t\t\t<div class=\"elementor-widget-wrap elementor-element-populated\">\n\t\t\t\t\t\t<div class=\"elementor-element elementor-element-0cd5514 elementor-widget elementor-widget-text-editor\" data-id=\"0cd5514\" data-element_type=\"widget\" data-widget_type=\"text-editor.default\">\n\t\t\t\t<div class=\"elementor-widget-container\">\n\t\t\t\t\t\t\t<p><strong>CONDICIONS D&#8217;\u00daS<\/strong><\/p><p><strong>a) Utilitzaci\u00f3 l\u00edcita<\/strong><\/p><p>L&#8217;usuari\/\u00e0ria d&#8217;aquesta p\u00e0gina web i dels seus serveis s&#8217;obliga a fer-ne un \u00fas conforme amb les lleis i els usos del tr\u00e0nsit, i s&#8217;abstindr\u00e0 d&#8217;utilitzar la web i els seus serveis amb finalitats o efectes il\u00b7l\u00edcits o que siguin lesius de els drets i interessos de tercers, o que de qualsevol manera puguin danyar, inutilitzar, sobrecarregar o deteriorar la web i els serveis o impedir la normal utilitzaci\u00f3 o gaudi de la web i dels serveis per part dels usuaris. Els qui incompleixin aquesta obligaci\u00f3 respondran, davant de MASIA CAN CORTADA SA. i davant de tercers, de qualssevol danys i perjudicis que poguessin causar-se com a conseq\u00fc\u00e8ncia de l\u2019 incompliment d&#8217;aquesta obligaci\u00f3.<\/p><p><strong>b) Garantia d&#8217;errades<\/strong>\u00a0<\/p><p>MASIA CAN CORTADA SA. no garanteix la inexist\u00e8ncia d&#8217;errors en l&#8217;acc\u00e9s a la web, o en el contingut; en el cas que se citin o reprodueixin publicacions de car\u00e0cter oficial, aquesta reproducci\u00f3 tindr\u00e0 car\u00e0cter merament informatiu i s&#8217;haur\u00e0 de considerar a tots els efectes com a v\u00e0lida la publicaci\u00f3 en el seu butllet\u00ed o font oficial corresponent.\u00a0\u00a0\u00a0\u00a0\u00a0\u00a0\u00a0\u00a0\u00a0\u00a0\u00a0\u00a0\u00a0\u00a0\u00a0<\/p><p><strong>c) Disponibilitat del servei<\/strong>\u00a0<\/p><p>MASIA CAN CORTADA SA. es reserva la facultat d&#8217;efectuar, en qualsevol moment i sense necessitat de previ av\u00eds, modificacions i actualitzacions sobre la informaci\u00f3 continguda a la seva web oa la seva configuraci\u00f3 o presentaci\u00f3.\u00a0MASIA CAN CORTADA SA. no garanteix la disponibilitat i continu\u00eftat del funcionament de la web i dels serveis. Quan aix\u00f2 sigui raonablement possible, s&#8217;advertir\u00e0 pr\u00e8viament les interrupcions en el funcionament de la web i dels serveis.\u00a0MASIA CAN CORTADA SA. exclou qualsevol responsabilitat pels danys i perjudicis de tota naturalesa que es puguin deure a la manca de disponibilitat o de continu\u00eftat del funcionament del web i dels serveis, a la defraudaci\u00f3 de la utilitat que els usuaris haguessin pogut atribuir a la web i als serveis , a la fal\u00b7libilitat de la web i dels serveis, i en particular, encara que no de manera exclusiva, a les fallades en l&#8217;acc\u00e9s a les diferents p\u00e0gines web oa aquelles des de les quals es presten els serveis.\u00a0<\/p><p><strong>Responsabilitat per l\u00fas de la informaci\u00f3 continguda<\/strong>\u00a0<\/p><p>L&#8217;usuari\/\u00e0ria \u00e9s conscient i accepta volunt\u00e0riament que l&#8217;\u00fas de la web, dels serveis i dels continguts t\u00e9 lloc, en tot cas, sota la seva \u00fanica i exclusiva responsabilitat. Tant l&#8217;acc\u00e9s a la web, com l&#8217;\u00fas que es pugui fer de la informaci\u00f3 que cont\u00e9 s\u00f3n de l&#8217;exclusiva responsabilitat de qui el realitza. MASIA CAN CORTADA SA. no respondr\u00e0 de cap conseq\u00fc\u00e8ncia, dany o perjudici que es puguin derivar de l&#8217;acc\u00e9s o l&#8217;\u00fas d&#8217;informaci\u00f3 esmentat ni de l&#8217;aplicaci\u00f3 que se&#8217;n faci per donar suport a qualsevol opini\u00f3 o decisi\u00f3 personal o empresarial. MASIA CAN CORTADA SA. no assumeix cap responsabilitat derivada de la connexi\u00f3 o continguts dels enlla\u00e7os de tercers a qu\u00e8 es fa refer\u00e8ncia a la web.\u00a0<\/p><p><strong>Propietat intel\u00b7lectual<\/strong>\u00a0<\/p><p>Els drets de propietat intel\u00b7lectual de la web, aix\u00ed com dels seus diferents continguts s\u00f3n titularitat de MASIA CAN CORTADA SA.\u00a0Queda terminantment prohibit fer qualsevol alteraci\u00f3 d&#8217;aquesta p\u00e0gina. MASIA CAN CORTADA SA. no assumeix cap responsabilitat que es pugui derivar de manipulacions o alteracions no autoritzades. MASIA CAN CORTADA SA. no concedeix cap llic\u00e8ncia o autoritzaci\u00f3 d\u00fas de cap tipus sobre els seus drets de propietat industrial i intel\u00b7lectual o sobre qualsevol altra propietat o dret relacionat amb la web, els serveis o els continguts.Queda prohibida la reproducci\u00f3 total o parcial dels continguts d&#8217;aquesta web sense citar-ne l&#8217;origen o sense sol\u00b7licitar autoritzaci\u00f3 expressa per fer-ho. La utilitzaci\u00f3 no autoritzada de la informaci\u00f3 continguda en aquesta web, aix\u00ed com els perjudicis ocasionats als drets de propietat intel\u00b7lectual i industrial de MASIA CAN CORTADA SA. donar\u00e0 lloc a l&#8217;exercici de les accions que corresponguin i, si escau, a les responsabilitats que se&#8217;n derivin.<\/p><p><strong>Protecci\u00f3 de Dades de Car\u00e0cter Personal<\/strong>\u00a0<\/p><p>En els sup\u00f2sits en qu\u00e8 per accedir a alguna de les p\u00e0gines o serveis de MASIA CAN CORTADA SA. sigui necess\u00e0ria la recollida de dades de car\u00e0cter personal, s&#8217;informa que aquestes seran tractades de conformitat amb all\u00f2 establert a la normativa vigent relativa a la Protecci\u00f3 de Dades de Car\u00e0cter Personal i altres normes de desenvolupament, conforme al que estableix l\u2019AV\u00cdS DE PRIVACITAT D&#8217;AQUESTA WEB i al consentiment que els usuaris han d&#8217;acceptar pr\u00e8viament a efectuar qualsevol tipus de comunicaci\u00f3 amb MASIA CAN CORTADA SA. des d\u00b4aquesta p\u00e0gina web.En cas que ens faciliti la seva adre\u00e7a de correu electr\u00f2nic, s&#8217;ent\u00e9n que est\u00e0 prestant el consentiment i acceptant aquest AV\u00cdS LEGAL i l&#8217;AV\u00cdS DE PRIVACITAT, perqu\u00e8 aquesta sigui utilitzada per a l&#8217;enviament de comunicacions relacionades amb els serveis prestats oa prestar i respondre a les vostres consultes o peticions per MASIA CAN CORTADA SA.\u00a0<\/p><p><strong>Llei aplicable i jurisdicci\u00f3<\/strong>\u00a0<\/p><p>La utilitzaci\u00f3 d&#8217;aquesta p\u00e0gina web es regeix per la llei espanyola, amb independ\u00e8ncia de l&#8217;entorn legal de l&#8217;usuari\/\u00e0ria. Qualsevol disputa que pugui sorgir en la interpretaci\u00f3 d&#8217;aquestes condicions es resoldr\u00e0 als tribunals del lloc on tingui fixada la seva activitat MASIA CAN CORTADA SA.<\/p>\t\t\t\t\t\t<\/div>\n\t\t\t\t<\/div>\n\t\t\t\t\t<\/div>\n\t\t<\/div>\n\t\t\t\t\t<\/div>\n\t\t<\/section>\n\t\t\t\t<\/div>\n\t\t","protected":false},"excerpt":{"rendered":"<p>Av\u00eds legal Aquest web ha estat creat per GRUP TRAVI (MASIA CAN CORTADA SA \u2013 CAN TRAVI NOU S.L. \u2013 XALET DE MONTJUIC SL) amb car\u00e0cter informatiu per al seu \u00fas personal i gratu\u00eft. \u00a0 MASIA CAN CORTADA SA. en [&hellip;]<\/p>\n","protected":false},"author":1,"featured_media":0,"parent":0,"menu_order":0,"comment_status":"closed","ping_status":"closed","template":"","meta":{"footnotes":""},"yoast_head":"<!-- This site is optimized with the Yoast SEO plugin v24.5 - https:\/\/yoast.com\/wordpress\/plugins\/seo\/ -->\n<title>Av\u00eds legal - Can Cortada<\/title>\n<meta name=\"robots\" content=\"index, follow, max-snippet:-1, max-image-preview:large, max-video-preview:-1\" \/>\n<link rel=\"canonical\" href=\"https:\/\/cancortada.com\/ca\/avis-legal\/\" \/>\n<meta property=\"og:locale\" content=\"ca_ES\" \/>\n<meta property=\"og:type\" content=\"article\" \/>\n<meta property=\"og:title\" content=\"Av\u00eds legal - Can Cortada\" \/>\n<meta property=\"og:description\" content=\"Av\u00eds legal Aquest web ha estat creat per GRUP TRAVI (MASIA CAN CORTADA SA \u2013 CAN TRAVI NOU S.L. \u2013 XALET DE MONTJUIC SL) amb car\u00e0cter informatiu per al seu \u00fas personal i gratu\u00eft. \u00a0 MASIA CAN CORTADA SA. en [&hellip;]\" \/>\n<meta property=\"og:url\" content=\"https:\/\/cancortada.com\/ca\/avis-legal\/\" \/>\n<meta property=\"og:site_name\" content=\"Can Cortada\" \/>\n<meta property=\"article:publisher\" content=\"https:\/\/www.facebook.com\/cancortada\/\" \/>\n<meta property=\"article:modified_time\" content=\"2022-02-24T09:53:16+00:00\" \/>\n<meta property=\"og:image\" content=\"https:\/\/cancortada.com\/wp-content\/uploads\/2021\/09\/logo.png\" \/>\n\t<meta property=\"og:image:width\" content=\"241\" \/>\n\t<meta property=\"og:image:height\" content=\"241\" \/>\n\t<meta property=\"og:image:type\" content=\"image\/png\" \/>\n<meta name=\"twitter:card\" content=\"summary_large_image\" \/>\n<meta name=\"twitter:label1\" content=\"Temps estimat de lectura\" \/>\n\t<meta name=\"twitter:data1\" content=\"6 minuts\" \/>\n<script type=\"application\/ld+json\" class=\"yoast-schema-graph\">{\"@context\":\"https:\/\/schema.org\",\"@graph\":[{\"@type\":\"WebPage\",\"@id\":\"https:\/\/cancortada.com\/ca\/avis-legal\/\",\"url\":\"https:\/\/cancortada.com\/ca\/avis-legal\/\",\"name\":\"Av\u00eds legal - Can Cortada\",\"isPartOf\":{\"@id\":\"https:\/\/cancortada.com\/ca\/#website\"},\"datePublished\":\"2021-09-13T19:45:50+00:00\",\"dateModified\":\"2022-02-24T09:53:16+00:00\",\"breadcrumb\":{\"@id\":\"https:\/\/cancortada.com\/ca\/avis-legal\/#breadcrumb\"},\"inLanguage\":\"ca\",\"potentialAction\":[{\"@type\":\"ReadAction\",\"target\":[\"https:\/\/cancortada.com\/ca\/avis-legal\/\"]}]},{\"@type\":\"BreadcrumbList\",\"@id\":\"https:\/\/cancortada.com\/ca\/avis-legal\/#breadcrumb\",\"itemListElement\":[{\"@type\":\"ListItem\",\"position\":1,\"name\":\"Portada\",\"item\":\"https:\/\/cancortada.com\/ca\/\"},{\"@type\":\"ListItem\",\"position\":2,\"name\":\"Av\u00eds legal\"}]},{\"@type\":\"WebSite\",\"@id\":\"https:\/\/cancortada.com\/ca\/#website\",\"url\":\"https:\/\/cancortada.com\/ca\/\",\"name\":\"Can Cortada\",\"description\":\"\",\"publisher\":{\"@id\":\"https:\/\/cancortada.com\/ca\/#organization\"},\"potentialAction\":[{\"@type\":\"SearchAction\",\"target\":{\"@type\":\"EntryPoint\",\"urlTemplate\":\"https:\/\/cancortada.com\/ca\/?s={search_term_string}\"},\"query-input\":{\"@type\":\"PropertyValueSpecification\",\"valueRequired\":true,\"valueName\":\"search_term_string\"}}],\"inLanguage\":\"ca\"},{\"@type\":\"Organization\",\"@id\":\"https:\/\/cancortada.com\/ca\/#organization\",\"name\":\"Can Cortada\",\"url\":\"https:\/\/cancortada.com\/ca\/\",\"logo\":{\"@type\":\"ImageObject\",\"inLanguage\":\"ca\",\"@id\":\"https:\/\/cancortada.com\/ca\/#\/schema\/logo\/image\/\",\"url\":\"https:\/\/cancortada.com\/wp-content\/uploads\/2021\/09\/logo.png\",\"contentUrl\":\"https:\/\/cancortada.com\/wp-content\/uploads\/2021\/09\/logo.png\",\"width\":241,\"height\":241,\"caption\":\"Can Cortada\"},\"image\":{\"@id\":\"https:\/\/cancortada.com\/ca\/#\/schema\/logo\/image\/\"},\"sameAs\":[\"https:\/\/www.facebook.com\/cancortada\/\",\"https:\/\/www.instagram.com\/cancortada\"]}]}<\/script>\n<!-- \/ Yoast SEO plugin. -->","yoast_head_json":{"title":"Av\u00eds legal - Can Cortada","robots":{"index":"index","follow":"follow","max-snippet":"max-snippet:-1","max-image-preview":"max-image-preview:large","max-video-preview":"max-video-preview:-1"},"canonical":"https:\/\/cancortada.com\/ca\/avis-legal\/","og_locale":"ca_ES","og_type":"article","og_title":"Av\u00eds legal - Can Cortada","og_description":"Av\u00eds legal Aquest web ha estat creat per GRUP TRAVI (MASIA CAN CORTADA SA \u2013 CAN TRAVI NOU S.L. \u2013 XALET DE MONTJUIC SL) amb car\u00e0cter informatiu per al seu \u00fas personal i gratu\u00eft. \u00a0 MASIA CAN CORTADA SA. en [&hellip;]","og_url":"https:\/\/cancortada.com\/ca\/avis-legal\/","og_site_name":"Can Cortada","article_publisher":"https:\/\/www.facebook.com\/cancortada\/","article_modified_time":"2022-02-24T09:53:16+00:00","og_image":[{"width":241,"height":241,"url":"https:\/\/cancortada.com\/wp-content\/uploads\/2021\/09\/logo.png","type":"image\/png"}],"twitter_card":"summary_large_image","twitter_misc":{"Temps estimat de lectura":"6 minuts"},"schema":{"@context":"https:\/\/schema.org","@graph":[{"@type":"WebPage","@id":"https:\/\/cancortada.com\/ca\/avis-legal\/","url":"https:\/\/cancortada.com\/ca\/avis-legal\/","name":"Av\u00eds legal - Can Cortada","isPartOf":{"@id":"https:\/\/cancortada.com\/ca\/#website"},"datePublished":"2021-09-13T19:45:50+00:00","dateModified":"2022-02-24T09:53:16+00:00","breadcrumb":{"@id":"https:\/\/cancortada.com\/ca\/avis-legal\/#breadcrumb"},"inLanguage":"ca","potentialAction":[{"@type":"ReadAction","target":["https:\/\/cancortada.com\/ca\/avis-legal\/"]}]},{"@type":"BreadcrumbList","@id":"https:\/\/cancortada.com\/ca\/avis-legal\/#breadcrumb","itemListElement":[{"@type":"ListItem","position":1,"name":"Portada","item":"https:\/\/cancortada.com\/ca\/"},{"@type":"ListItem","position":2,"name":"Av\u00eds legal"}]},{"@type":"WebSite","@id":"https:\/\/cancortada.com\/ca\/#website","url":"https:\/\/cancortada.com\/ca\/","name":"Can Cortada","description":"","publisher":{"@id":"https:\/\/cancortada.com\/ca\/#organization"},"potentialAction":[{"@type":"SearchAction","target":{"@type":"EntryPoint","urlTemplate":"https:\/\/cancortada.com\/ca\/?s={search_term_string}"},"query-input":{"@type":"PropertyValueSpecification","valueRequired":true,"valueName":"search_term_string"}}],"inLanguage":"ca"},{"@type":"Organization","@id":"https:\/\/cancortada.com\/ca\/#organization","name":"Can Cortada","url":"https:\/\/cancortada.com\/ca\/","logo":{"@type":"ImageObject","inLanguage":"ca","@id":"https:\/\/cancortada.com\/ca\/#\/schema\/logo\/image\/","url":"https:\/\/cancortada.com\/wp-content\/uploads\/2021\/09\/logo.png","contentUrl":"https:\/\/cancortada.com\/wp-content\/uploads\/2021\/09\/logo.png","width":241,"height":241,"caption":"Can Cortada"},"image":{"@id":"https:\/\/cancortada.com\/ca\/#\/schema\/logo\/image\/"},"sameAs":["https:\/\/www.facebook.com\/cancortada\/","https:\/\/www.instagram.com\/cancortada"]}]}},"_links":{"self":[{"href":"https:\/\/cancortada.com\/ca\/wp-json\/wp\/v2\/pages\/7856"}],"collection":[{"href":"https:\/\/cancortada.com\/ca\/wp-json\/wp\/v2\/pages"}],"about":[{"href":"https:\/\/cancortada.com\/ca\/wp-json\/wp\/v2\/types\/page"}],"author":[{"embeddable":true,"href":"https:\/\/cancortada.com\/ca\/wp-json\/wp\/v2\/users\/1"}],"replies":[{"embeddable":true,"href":"https:\/\/cancortada.com\/ca\/wp-json\/wp\/v2\/comments?post=7856"}],"version-history":[{"count":4,"href":"https:\/\/cancortada.com\/ca\/wp-json\/wp\/v2\/pages\/7856\/revisions"}],"predecessor-version":[{"id":7887,"href":"https:\/\/cancortada.com\/ca\/wp-json\/wp\/v2\/pages\/7856\/revisions\/7887"}],"wp:attachment":[{"href":"https:\/\/cancortada.com\/ca\/wp-json\/wp\/v2\/media?parent=7856"}],"curies":[{"name":"wp","href":"https:\/\/api.w.org\/{rel}","templated":true}]}}