{"id":3310,"date":"2020-04-27T12:36:14","date_gmt":"2020-04-27T12:36:14","guid":{"rendered":"https:\/\/laurent.qodeinteractive.com\/elementor\/?page_id=3310"},"modified":"2022-02-14T17:30:11","modified_gmt":"2022-02-14T17:30:11","slug":"quienes-somos","status":"publish","type":"page","link":"https:\/\/cancortada.com\/es\/quienes-somos\/","title":{"rendered":"Quienes somos"},"content":{"rendered":"\t\t<div data-elementor-type=\"wp-page\" data-elementor-id=\"3310\" class=\"elementor elementor-3310\">\n\t\t\t\t\t\t<section class=\"has_eae_slider elementor-section elementor-top-section elementor-element elementor-element-4aa26a3 eltdf-elementor-row-grid-section elementor-section-full_width elementor-section-height-default elementor-section-height-default eltdf-parallax-row-no eltdf-content-aligment-left eltdf-disabled-bg-image-bellow-no\" data-id=\"4aa26a3\" data-element_type=\"section\">\n\t\t\t\t\t\t<div class=\"elementor-container elementor-column-gap-default\">\n\t\t\t\t\t<div class=\"has_eae_slider elementor-column elementor-col-100 elementor-top-column elementor-element elementor-element-cd6ddc3\" data-id=\"cd6ddc3\" data-element_type=\"column\">\n\t\t\t<div class=\"elementor-widget-wrap elementor-element-populated\">\n\t\t\t\t\t\t<section class=\"has_eae_slider elementor-section elementor-inner-section elementor-element elementor-element-b2d9698 elementor-section-boxed elementor-section-height-default elementor-section-height-default eltdf-parallax-row-no eltdf-content-aligment-left eltdf-elementor-row-grid-no eltdf-disabled-bg-image-bellow-no\" data-id=\"b2d9698\" data-element_type=\"section\">\n\t\t\t\t\t\t<div class=\"elementor-container elementor-column-gap-default\">\n\t\t\t\t\t<div class=\"has_eae_slider elementor-column elementor-col-100 elementor-inner-column elementor-element elementor-element-5c0af25\" data-id=\"5c0af25\" data-element_type=\"column\">\n\t\t\t<div class=\"elementor-widget-wrap elementor-element-populated\">\n\t\t\t\t\t\t<div class=\"elementor-element elementor-element-538e11b elementor-widget elementor-widget-eltdf_section_title\" data-id=\"538e11b\" data-element_type=\"widget\" data-widget_type=\"eltdf_section_title.default\">\n\t\t\t\t<div class=\"elementor-widget-container\">\n\t\t\t<div class=\"eltdf-section-title-holder    \" style=\"text-align: center\">\n\t<div class=\"eltdf-st-inner\">\n        \t\t            <div class=\"eltdf-st-title-holder\">\n                                    <div class=\"decor\"><svg xmlns=\"http:\/\/www.w3.org\/2000\/svg\" width=\"41.125\" height=\"9.146\">\n                            <path fill=\"none\" stroke=\"#9C7C57\" stroke-miterlimit=\"10\" d=\"M40.881 8.576L20.562.591.244 8.576\"\/>\n                            <path fill=\"none\" stroke=\"#9C7C57\" stroke-miterlimit=\"10\" d=\"M40.881.591L20.562 8.576.243.591\"\/>\n                        <\/svg><\/div>\n                                <h3 class=\"eltdf-st-title\" >\n                    Un castillo con siglos de historia                <\/h3>\n                                    <div class=\"decor\"><svg xmlns=\"http:\/\/www.w3.org\/2000\/svg\" width=\"41.125\" height=\"9.146\">\n                            <path fill=\"none\" stroke=\"#9C7C57\" stroke-miterlimit=\"10\" d=\"M40.881 8.576L20.562.591.244 8.576\"\/>\n                            <path fill=\"none\" stroke=\"#9C7C57\" stroke-miterlimit=\"10\" d=\"M40.881.591L20.562 8.576.243.591\"\/>\n                        <\/svg><\/div>\n                            <\/div>\n\t\t\t\t\t\t\t<\/div>\n<\/div>\t\t<\/div>\n\t\t\t\t<\/div>\n\t\t\t\t\t<\/div>\n\t\t<\/div>\n\t\t\t\t\t<\/div>\n\t\t<\/section>\n\t\t\t\t<section class=\"has_eae_slider elementor-section elementor-inner-section elementor-element elementor-element-581d2a8 elementor-section-content-middle elementor-section-boxed elementor-section-height-default elementor-section-height-default eltdf-parallax-row-no eltdf-content-aligment-left eltdf-elementor-row-grid-no eltdf-disabled-bg-image-bellow-no\" data-id=\"581d2a8\" data-element_type=\"section\">\n\t\t\t\t\t\t<div class=\"elementor-container elementor-column-gap-default\">\n\t\t\t\t\t<div class=\"has_eae_slider elementor-column elementor-col-50 elementor-inner-column elementor-element elementor-element-50a49b8\" data-id=\"50a49b8\" data-element_type=\"column\">\n\t\t\t<div class=\"elementor-widget-wrap elementor-element-populated\">\n\t\t\t\t\t\t<div class=\"elementor-element elementor-element-c302640 elementor-widget elementor-widget-image\" data-id=\"c302640\" data-element_type=\"widget\" data-widget_type=\"image.default\">\n\t\t\t\t<div class=\"elementor-widget-container\">\n\t\t\t\t\t\t\t\t\t\t\t\t\t\t<a href=\"https:\/\/cancortada.com\/wp-content\/uploads\/2021\/10\/can-cortada-1931.jpg\" data-elementor-open-lightbox=\"yes\" data-elementor-lightbox-title=\"can cortada 1931\" data-e-action-hash=\"#elementor-action%3Aaction%3Dlightbox%26settings%3DeyJpZCI6NTg2OSwidXJsIjoiaHR0cHM6XC9cL2NhbmNvcnRhZGEuY29tXC93cC1jb250ZW50XC91cGxvYWRzXC8yMDIxXC8xMFwvY2FuLWNvcnRhZGEtMTkzMS5qcGcifQ%3D%3D\">\n\t\t\t\t\t\t\t<img fetchpriority=\"high\" decoding=\"async\" width=\"300\" height=\"215\" src=\"https:\/\/cancortada.com\/wp-content\/uploads\/2021\/10\/can-cortada-1931-300x215.jpg\" class=\"attachment-medium size-medium wp-image-5869\" alt=\"\" srcset=\"https:\/\/cancortada.com\/wp-content\/uploads\/2021\/10\/can-cortada-1931-300x215.jpg 300w, https:\/\/cancortada.com\/wp-content\/uploads\/2021\/10\/can-cortada-1931.jpg 478w\" sizes=\"(max-width: 300px) 100vw, 300px\" \/>\t\t\t\t\t\t\t\t<\/a>\n\t\t\t\t\t\t\t\t\t\t\t\t\t<\/div>\n\t\t\t\t<\/div>\n\t\t\t\t<div class=\"elementor-element elementor-element-3f73d6f elementor-widget elementor-widget-image\" data-id=\"3f73d6f\" data-element_type=\"widget\" data-widget_type=\"image.default\">\n\t\t\t\t<div class=\"elementor-widget-container\">\n\t\t\t\t\t\t\t\t\t\t\t\t\t\t<a href=\"https:\/\/cancortada.com\/wp-content\/uploads\/2021\/10\/4-10_1.jpg\" data-elementor-open-lightbox=\"yes\" data-elementor-lightbox-title=\"4-10_1\" data-e-action-hash=\"#elementor-action%3Aaction%3Dlightbox%26settings%3DeyJpZCI6NTc2NCwidXJsIjoiaHR0cHM6XC9cL2NhbmNvcnRhZGEuY29tXC93cC1jb250ZW50XC91cGxvYWRzXC8yMDIxXC8xMFwvNC0xMF8xLmpwZyJ9\">\n\t\t\t\t\t\t\t<img decoding=\"async\" width=\"300\" height=\"200\" src=\"https:\/\/cancortada.com\/wp-content\/uploads\/2021\/10\/4-10_1-300x200.jpg\" class=\"attachment-medium size-medium wp-image-5764\" alt=\"\" srcset=\"https:\/\/cancortada.com\/wp-content\/uploads\/2021\/10\/4-10_1-300x200.jpg 300w, https:\/\/cancortada.com\/wp-content\/uploads\/2021\/10\/4-10_1.jpg 640w\" sizes=\"(max-width: 300px) 100vw, 300px\" \/>\t\t\t\t\t\t\t\t<\/a>\n\t\t\t\t\t\t\t\t\t\t\t\t\t<\/div>\n\t\t\t\t<\/div>\n\t\t\t\t<div class=\"elementor-element elementor-element-ba57a43 elementor-widget elementor-widget-image\" data-id=\"ba57a43\" data-element_type=\"widget\" data-widget_type=\"image.default\">\n\t\t\t\t<div class=\"elementor-widget-container\">\n\t\t\t\t\t\t\t\t\t\t\t\t\t\t<a href=\"https:\/\/cancortada.com\/wp-content\/uploads\/2021\/10\/can-cortada-1910.jpg\" data-elementor-open-lightbox=\"yes\" data-elementor-lightbox-title=\"can cortada 1910\" data-e-action-hash=\"#elementor-action%3Aaction%3Dlightbox%26settings%3DeyJpZCI6NTg2NiwidXJsIjoiaHR0cHM6XC9cL2NhbmNvcnRhZGEuY29tXC93cC1jb250ZW50XC91cGxvYWRzXC8yMDIxXC8xMFwvY2FuLWNvcnRhZGEtMTkxMC5qcGcifQ%3D%3D\">\n\t\t\t\t\t\t\t<img decoding=\"async\" width=\"300\" height=\"219\" src=\"https:\/\/cancortada.com\/wp-content\/uploads\/2021\/10\/can-cortada-1910-300x219.jpg\" class=\"attachment-medium size-medium wp-image-5866\" alt=\"\" srcset=\"https:\/\/cancortada.com\/wp-content\/uploads\/2021\/10\/can-cortada-1910-300x219.jpg 300w, https:\/\/cancortada.com\/wp-content\/uploads\/2021\/10\/can-cortada-1910.jpg 479w\" sizes=\"(max-width: 300px) 100vw, 300px\" \/>\t\t\t\t\t\t\t\t<\/a>\n\t\t\t\t\t\t\t\t\t\t\t\t\t<\/div>\n\t\t\t\t<\/div>\n\t\t\t\t\t<\/div>\n\t\t<\/div>\n\t\t\t\t<div class=\"has_eae_slider elementor-column elementor-col-50 elementor-inner-column elementor-element elementor-element-80a987b\" data-id=\"80a987b\" data-element_type=\"column\">\n\t\t\t<div class=\"elementor-widget-wrap elementor-element-populated\">\n\t\t\t\t\t\t<div class=\"elementor-element elementor-element-96a125c elementor-widget elementor-widget-text-editor\" data-id=\"96a125c\" data-element_type=\"widget\" data-widget_type=\"text-editor.default\">\n\t\t\t\t<div class=\"elementor-widget-container\">\n\t\t\t\t\t\t\t<p>Los inicios de la actual mas\u00eda <strong>Can Cortada<\/strong> se remontan al siglo XI, cuando los se\u00f1ores de Horta construyeron una Torre de Defensa como prevenci\u00f3n de posibles ataques feudales.<br \/>\u2748<br \/>Durante el s.XV la Torre se transform\u00f3 en un castillo y durante los 350 a\u00f1os siguientes tuvo una fuerte tradici\u00f3n agr\u00edcola. En el siglo XVI se convirti\u00f3 en una f\u00e9rtil mas\u00eda que abastec\u00eda los mercados de Horta y Gracia. En 1994 la mas\u00eda fue transformada en restaurante conservando perfectamente su estructura como t\u00edpica mas\u00eda catalana.<br \/>\u2748<br \/><strong>Can Cortada<\/strong> tiene ra\u00edces catalanas y su cocina as\u00ed lo transmite ofreciendo productos aut\u00f3ctonos de calidad. Su gran variedad de platos satisfar\u00e1n a los m\u00e1s exigentes comensales que quieran disfrutar de una aut\u00e9ntica mas\u00eda catalana dentro de la ciudad de Barcelona.<br \/>\u2748<br \/><strong>Can Cortada<\/strong> forma parte de Gruptravi. Sin\u00f3nimo de calidad, servicio y buen gusto, marcado siempre por un ambiente acogedor y familiar.<\/p>\t\t\t\t\t\t<\/div>\n\t\t\t\t<\/div>\n\t\t\t\t<div class=\"elementor-element elementor-element-f72019a botones elementor-widget elementor-widget-eltdf_button\" data-id=\"f72019a\" data-element_type=\"widget\" data-widget_type=\"eltdf_button.default\">\n\t\t\t\t<div class=\"elementor-widget-container\">\n\t\t\t<a itemprop=\"url\" href=\"http:\/\/www.btv.cat\/btvnoticies\/2014\/04\/10\/can-cortada-historia-castell-de-defensa-restaurant\/\" target=\"_blank\"  class=\"eltdf-btn eltdf-btn-medium eltdf-btn-outline\"  >\n        <span class=\"eltdf-btn-text\">Ver video<\/span>\n    <i class=\"eltdf-icon-simple-line-icon  \" ><\/i>    <\/a>\t\t<\/div>\n\t\t\t\t<\/div>\n\t\t\t\t\t<\/div>\n\t\t<\/div>\n\t\t\t\t\t<\/div>\n\t\t<\/section>\n\t\t\t\t\t<\/div>\n\t\t<\/div>\n\t\t\t\t\t<\/div>\n\t\t<\/section>\n\t\t\t\t<section class=\"has_eae_slider elementor-section elementor-top-section elementor-element elementor-element-7a9ce99 elementor-section-boxed elementor-section-height-default elementor-section-height-default eltdf-parallax-row-no eltdf-content-aligment-left eltdf-elementor-row-grid-no eltdf-disabled-bg-image-bellow-no\" data-id=\"7a9ce99\" data-element_type=\"section\">\n\t\t\t\t\t\t<div class=\"elementor-container elementor-column-gap-default\">\n\t\t\t\t\t<div class=\"has_eae_slider elementor-column elementor-col-100 elementor-top-column elementor-element elementor-element-5f926d2\" data-id=\"5f926d2\" data-element_type=\"column\">\n\t\t\t<div class=\"elementor-widget-wrap elementor-element-populated\">\n\t\t\t\t\t\t<div class=\"elementor-element elementor-element-ddde3d0 elementor-widget elementor-widget-eltdf_testimonials\" data-id=\"ddde3d0\" data-element_type=\"widget\" data-widget_type=\"eltdf_testimonials.default\">\n\t\t\t\t<div class=\"elementor-widget-container\">\n\t\t\t<div class=\"eltdf-testimonials-holder clearfix eltdf-testimonials-standard \">\n    <div class=\"eltdf-testimonials-mark\"><\/div>\n    <div class=\"eltdf-testimonials eltdf-owl-slider\" data-number-of-items=\"1\" data-enable-loop=\"yes\" data-enable-autoplay=\"yes\" data-slider-speed=\"5000\" data-slider-speed-animation=\"600\" data-enable-navigation=\"yes\" data-enable-pagination=\"yes\" >\n\n    \n            <div class=\"eltdf-testimonial-content\" id=\"eltdf-testimonials-160\">\n                <div class=\"eltdf-testimonial-text-holder\">\n                                                                <p class=\"eltdf-testimonial-text\">&quot;Un para\u00edso en medio de Barcelona. T\u00edpica Mas\u00eda catalana que ofrece una oferta gastron\u00f3mica muy interesante a un precio razonable. Menci\u00f3n especial al exquisito trato de responsables de sala y camareros. Salones interiores con mucha historia y una terraza id\u00edlica para disfrutar de una magn\u00edfica cena en las noches de verano. Absolutamente recomendable. &quot;<\/p>\n                                                                <h5 class=\"eltdf-testimonial-author\">\n                            <span class=\"eltdf-testimonials-author-name\">Can Cortada<\/span>\n                        <\/h5>\n                                                        <\/div>\n                            <\/div>\n\n    \n            <div class=\"eltdf-testimonial-content\" id=\"eltdf-testimonials-98\">\n                <div class=\"eltdf-testimonial-text-holder\">\n                                                                <p class=\"eltdf-testimonial-text\">&quot;Restaurante emblem\u00e1tico de Barcelona. Comida muy buena, cocina casera, platos generosos en un espacio privilegiado. Los camareros muy atentos, siguen cuidadosamente los protocolos de la Covid. Muy agradable, especialmente para celebraciones. Comodidades para ir con ni\u00f1os. &quot;<\/p>\n                                                                <h5 class=\"eltdf-testimonial-author\">\n                            <span class=\"eltdf-testimonials-author-name\">Can Cortada<\/span>\n                        <\/h5>\n                                                        <\/div>\n                            <\/div>\n\n    \n            <div class=\"eltdf-testimonial-content\" id=\"eltdf-testimonials-36\">\n                <div class=\"eltdf-testimonial-text-holder\">\n                                                                <p class=\"eltdf-testimonial-text\">&quot;Lugar espectacular en BCN donde comer platos de toda la vida pero de calidad. Servicio atento, especializado y simp\u00e1tico. El precio va en relaci\u00f3n al lugar, a la carta y en la calidad. Vale la pena ir. &quot;<\/p>\n                                                                <h5 class=\"eltdf-testimonial-author\">\n                            <span class=\"eltdf-testimonials-author-name\">Can Cortada<\/span>\n                        <\/h5>\n                                                        <\/div>\n                            <\/div>\n\n    \n    <\/div>\n<\/div>\t\t<\/div>\n\t\t\t\t<\/div>\n\t\t\t\t\t<\/div>\n\t\t<\/div>\n\t\t\t\t\t<\/div>\n\t\t<\/section>\n\t\t\t\t<\/div>\n\t\t","protected":false},"excerpt":{"rendered":"<p>&nbsp; Un castillo con siglos de historia Los inicios de la actual mas\u00eda Can Cortada se remontan al siglo XI, cuando los se\u00f1ores de Horta construyeron una Torre de Defensa como prevenci\u00f3n de posibles ataques feudales. \u2748 Durante el s.XV [&hellip;]<\/p>\n","protected":false},"author":1,"featured_media":0,"parent":0,"menu_order":0,"comment_status":"closed","ping_status":"closed","template":"full-width.php","meta":{"footnotes":""},"yoast_head":"<!-- This site is optimized with the Yoast SEO plugin v24.5 - https:\/\/yoast.com\/wordpress\/plugins\/seo\/ -->\n<title>Quienes somos - Can Cortada<\/title>\n<meta name=\"description\" content=\"Can Cortada tiene ra\u00edces catalanas y su cocina as\u00ed lo transmite ofreciendo productos aut\u00f3ctonos de calidad.\" \/>\n<meta name=\"robots\" content=\"index, follow, max-snippet:-1, max-image-preview:large, max-video-preview:-1\" \/>\n<link rel=\"canonical\" href=\"https:\/\/cancortada.com\/es\/quienes-somos\/\" \/>\n<meta property=\"og:locale\" content=\"es_ES\" \/>\n<meta property=\"og:type\" content=\"article\" \/>\n<meta property=\"og:title\" content=\"Ra\u00edzes Catalanas\" \/>\n<meta property=\"og:description\" content=\"Can Cortada tiene ra\u00edces catalanas y su cocina as\u00ed lo transmite ofreciendo productos aut\u00f3ctonos de calidad.\" \/>\n<meta property=\"og:url\" content=\"https:\/\/cancortada.com\/es\/quienes-somos\/\" \/>\n<meta property=\"og:site_name\" content=\"Can Cortada\" \/>\n<meta property=\"article:publisher\" content=\"https:\/\/www.facebook.com\/cancortada\/\" \/>\n<meta property=\"article:modified_time\" content=\"2022-02-14T17:30:11+00:00\" \/>\n<meta property=\"og:image\" content=\"https:\/\/cancortada.com\/wp-content\/uploads\/2021\/10\/img_cortada.jpg\" \/>\n\t<meta property=\"og:image:width\" content=\"219\" \/>\n\t<meta property=\"og:image:height\" content=\"162\" \/>\n\t<meta property=\"og:image:type\" content=\"image\/jpeg\" \/>\n<meta name=\"twitter:card\" content=\"summary_large_image\" \/>\n<meta name=\"twitter:title\" content=\"Ra\u00edzes Catalanas\" \/>\n<meta name=\"twitter:description\" content=\"Can Cortada tiene ra\u00edces catalanas y su cocina as\u00ed lo transmite ofreciendo productos aut\u00f3ctonos de calidad.\" \/>\n<meta name=\"twitter:image\" content=\"https:\/\/cancortada.com\/wp-content\/uploads\/2021\/10\/img_cortada.jpg\" \/>\n<meta name=\"twitter:label1\" content=\"Tiempo de lectura\" \/>\n\t<meta name=\"twitter:data1\" content=\"2 minutos\" \/>\n<script type=\"application\/ld+json\" class=\"yoast-schema-graph\">{\"@context\":\"https:\/\/schema.org\",\"@graph\":[{\"@type\":\"WebPage\",\"@id\":\"https:\/\/cancortada.com\/es\/quienes-somos\/\",\"url\":\"https:\/\/cancortada.com\/es\/quienes-somos\/\",\"name\":\"Quienes somos - Can Cortada\",\"isPartOf\":{\"@id\":\"https:\/\/cancortada.com\/es\/#website\"},\"primaryImageOfPage\":{\"@id\":\"https:\/\/cancortada.com\/es\/quienes-somos\/#primaryimage\"},\"image\":{\"@id\":\"https:\/\/cancortada.com\/es\/quienes-somos\/#primaryimage\"},\"thumbnailUrl\":\"https:\/\/cancortada.com\/wp-content\/uploads\/2021\/10\/can-cortada-1931-300x215.jpg\",\"datePublished\":\"2020-04-27T12:36:14+00:00\",\"dateModified\":\"2022-02-14T17:30:11+00:00\",\"description\":\"Can Cortada tiene ra\u00edces catalanas y su cocina as\u00ed lo transmite ofreciendo productos aut\u00f3ctonos de calidad.\",\"breadcrumb\":{\"@id\":\"https:\/\/cancortada.com\/es\/quienes-somos\/#breadcrumb\"},\"inLanguage\":\"es\",\"potentialAction\":[{\"@type\":\"ReadAction\",\"target\":[\"https:\/\/cancortada.com\/es\/quienes-somos\/\"]}]},{\"@type\":\"ImageObject\",\"inLanguage\":\"es\",\"@id\":\"https:\/\/cancortada.com\/es\/quienes-somos\/#primaryimage\",\"url\":\"https:\/\/cancortada.com\/wp-content\/uploads\/2021\/10\/can-cortada-1931-300x215.jpg\",\"contentUrl\":\"https:\/\/cancortada.com\/wp-content\/uploads\/2021\/10\/can-cortada-1931-300x215.jpg\"},{\"@type\":\"BreadcrumbList\",\"@id\":\"https:\/\/cancortada.com\/es\/quienes-somos\/#breadcrumb\",\"itemListElement\":[{\"@type\":\"ListItem\",\"position\":1,\"name\":\"Portada\",\"item\":\"https:\/\/cancortada.com\/es\/\"},{\"@type\":\"ListItem\",\"position\":2,\"name\":\"Quienes somos\"}]},{\"@type\":\"WebSite\",\"@id\":\"https:\/\/cancortada.com\/es\/#website\",\"url\":\"https:\/\/cancortada.com\/es\/\",\"name\":\"Can Cortada\",\"description\":\"\",\"publisher\":{\"@id\":\"https:\/\/cancortada.com\/es\/#organization\"},\"potentialAction\":[{\"@type\":\"SearchAction\",\"target\":{\"@type\":\"EntryPoint\",\"urlTemplate\":\"https:\/\/cancortada.com\/es\/?s={search_term_string}\"},\"query-input\":{\"@type\":\"PropertyValueSpecification\",\"valueRequired\":true,\"valueName\":\"search_term_string\"}}],\"inLanguage\":\"es\"},{\"@type\":\"Organization\",\"@id\":\"https:\/\/cancortada.com\/es\/#organization\",\"name\":\"Can Cortada\",\"url\":\"https:\/\/cancortada.com\/es\/\",\"logo\":{\"@type\":\"ImageObject\",\"inLanguage\":\"es\",\"@id\":\"https:\/\/cancortada.com\/es\/#\/schema\/logo\/image\/\",\"url\":\"https:\/\/cancortada.com\/wp-content\/uploads\/2021\/09\/logo.png\",\"contentUrl\":\"https:\/\/cancortada.com\/wp-content\/uploads\/2021\/09\/logo.png\",\"width\":241,\"height\":241,\"caption\":\"Can Cortada\"},\"image\":{\"@id\":\"https:\/\/cancortada.com\/es\/#\/schema\/logo\/image\/\"},\"sameAs\":[\"https:\/\/www.facebook.com\/cancortada\/\",\"https:\/\/www.instagram.com\/cancortada\"]}]}<\/script>\n<!-- \/ Yoast SEO plugin. -->","yoast_head_json":{"title":"Quienes somos - Can Cortada","description":"Can Cortada tiene ra\u00edces catalanas y su cocina as\u00ed lo transmite ofreciendo productos aut\u00f3ctonos de calidad.","robots":{"index":"index","follow":"follow","max-snippet":"max-snippet:-1","max-image-preview":"max-image-preview:large","max-video-preview":"max-video-preview:-1"},"canonical":"https:\/\/cancortada.com\/es\/quienes-somos\/","og_locale":"es_ES","og_type":"article","og_title":"Ra\u00edzes Catalanas","og_description":"Can Cortada tiene ra\u00edces catalanas y su cocina as\u00ed lo transmite ofreciendo productos aut\u00f3ctonos de calidad.","og_url":"https:\/\/cancortada.com\/es\/quienes-somos\/","og_site_name":"Can Cortada","article_publisher":"https:\/\/www.facebook.com\/cancortada\/","article_modified_time":"2022-02-14T17:30:11+00:00","og_image":[{"width":219,"height":162,"url":"https:\/\/cancortada.com\/wp-content\/uploads\/2021\/10\/img_cortada.jpg","type":"image\/jpeg"}],"twitter_card":"summary_large_image","twitter_title":"Ra\u00edzes Catalanas","twitter_description":"Can Cortada tiene ra\u00edces catalanas y su cocina as\u00ed lo transmite ofreciendo productos aut\u00f3ctonos de calidad.","twitter_image":"https:\/\/cancortada.com\/wp-content\/uploads\/2021\/10\/img_cortada.jpg","twitter_misc":{"Tiempo de lectura":"2 minutos"},"schema":{"@context":"https:\/\/schema.org","@graph":[{"@type":"WebPage","@id":"https:\/\/cancortada.com\/es\/quienes-somos\/","url":"https:\/\/cancortada.com\/es\/quienes-somos\/","name":"Quienes somos - Can Cortada","isPartOf":{"@id":"https:\/\/cancortada.com\/es\/#website"},"primaryImageOfPage":{"@id":"https:\/\/cancortada.com\/es\/quienes-somos\/#primaryimage"},"image":{"@id":"https:\/\/cancortada.com\/es\/quienes-somos\/#primaryimage"},"thumbnailUrl":"https:\/\/cancortada.com\/wp-content\/uploads\/2021\/10\/can-cortada-1931-300x215.jpg","datePublished":"2020-04-27T12:36:14+00:00","dateModified":"2022-02-14T17:30:11+00:00","description":"Can Cortada tiene ra\u00edces catalanas y su cocina as\u00ed lo transmite ofreciendo productos aut\u00f3ctonos de calidad.","breadcrumb":{"@id":"https:\/\/cancortada.com\/es\/quienes-somos\/#breadcrumb"},"inLanguage":"es","potentialAction":[{"@type":"ReadAction","target":["https:\/\/cancortada.com\/es\/quienes-somos\/"]}]},{"@type":"ImageObject","inLanguage":"es","@id":"https:\/\/cancortada.com\/es\/quienes-somos\/#primaryimage","url":"https:\/\/cancortada.com\/wp-content\/uploads\/2021\/10\/can-cortada-1931-300x215.jpg","contentUrl":"https:\/\/cancortada.com\/wp-content\/uploads\/2021\/10\/can-cortada-1931-300x215.jpg"},{"@type":"BreadcrumbList","@id":"https:\/\/cancortada.com\/es\/quienes-somos\/#breadcrumb","itemListElement":[{"@type":"ListItem","position":1,"name":"Portada","item":"https:\/\/cancortada.com\/es\/"},{"@type":"ListItem","position":2,"name":"Quienes somos"}]},{"@type":"WebSite","@id":"https:\/\/cancortada.com\/es\/#website","url":"https:\/\/cancortada.com\/es\/","name":"Can Cortada","description":"","publisher":{"@id":"https:\/\/cancortada.com\/es\/#organization"},"potentialAction":[{"@type":"SearchAction","target":{"@type":"EntryPoint","urlTemplate":"https:\/\/cancortada.com\/es\/?s={search_term_string}"},"query-input":{"@type":"PropertyValueSpecification","valueRequired":true,"valueName":"search_term_string"}}],"inLanguage":"es"},{"@type":"Organization","@id":"https:\/\/cancortada.com\/es\/#organization","name":"Can Cortada","url":"https:\/\/cancortada.com\/es\/","logo":{"@type":"ImageObject","inLanguage":"es","@id":"https:\/\/cancortada.com\/es\/#\/schema\/logo\/image\/","url":"https:\/\/cancortada.com\/wp-content\/uploads\/2021\/09\/logo.png","contentUrl":"https:\/\/cancortada.com\/wp-content\/uploads\/2021\/09\/logo.png","width":241,"height":241,"caption":"Can Cortada"},"image":{"@id":"https:\/\/cancortada.com\/es\/#\/schema\/logo\/image\/"},"sameAs":["https:\/\/www.facebook.com\/cancortada\/","https:\/\/www.instagram.com\/cancortada"]}]}},"_links":{"self":[{"href":"https:\/\/cancortada.com\/es\/wp-json\/wp\/v2\/pages\/3310"}],"collection":[{"href":"https:\/\/cancortada.com\/es\/wp-json\/wp\/v2\/pages"}],"about":[{"href":"https:\/\/cancortada.com\/es\/wp-json\/wp\/v2\/types\/page"}],"author":[{"embeddable":true,"href":"https:\/\/cancortada.com\/es\/wp-json\/wp\/v2\/users\/1"}],"replies":[{"embeddable":true,"href":"https:\/\/cancortada.com\/es\/wp-json\/wp\/v2\/comments?post=3310"}],"version-history":[{"count":1,"href":"https:\/\/cancortada.com\/es\/wp-json\/wp\/v2\/pages\/3310\/revisions"}],"predecessor-version":[{"id":7751,"href":"https:\/\/cancortada.com\/es\/wp-json\/wp\/v2\/pages\/3310\/revisions\/7751"}],"wp:attachment":[{"href":"https:\/\/cancortada.com\/es\/wp-json\/wp\/v2\/media?parent=3310"}],"curies":[{"name":"wp","href":"https:\/\/api.w.org\/{rel}","templated":true}]}}