{"id":6296,"date":"2021-10-12T21:47:26","date_gmt":"2021-10-12T21:47:26","guid":{"rendered":"https:\/\/cancortada.com\/?page_id=6296"},"modified":"2022-10-11T10:36:47","modified_gmt":"2022-10-11T09:36:47","slug":"deposito","status":"publish","type":"page","link":"https:\/\/cancortada.com\/es\/deposito\/","title":{"rendered":"Dep\u00f3sito"},"content":{"rendered":"\t\t<div data-elementor-type=\"wp-page\" data-elementor-id=\"6296\" class=\"elementor elementor-6296\">\n\t\t\t\t\t\t<section class=\"has_eae_slider elementor-section elementor-top-section elementor-element elementor-element-dc115a3 elementor-section-full_width elementor-section-height-default elementor-section-height-default eltdf-parallax-row-no eltdf-content-aligment-left eltdf-elementor-row-grid-no eltdf-disabled-bg-image-bellow-no\" data-id=\"dc115a3\" data-element_type=\"section\">\n\t\t\t\t\t\t<div class=\"elementor-container elementor-column-gap-default\">\n\t\t\t\t\t<div class=\"has_eae_slider elementor-column elementor-col-100 elementor-top-column elementor-element elementor-element-f7f79dd\" data-id=\"f7f79dd\" data-element_type=\"column\">\n\t\t\t<div class=\"elementor-widget-wrap\">\n\t\t\t\t\t\t\t<\/div>\n\t\t<\/div>\n\t\t\t\t\t<\/div>\n\t\t<\/section>\n\t\t\t\t<section class=\"has_eae_slider elementor-section elementor-top-section elementor-element elementor-element-548a6cf eltdf-elementor-row-grid-section eltdf-content-aligment-center elementor-section-boxed elementor-section-height-default elementor-section-height-default eltdf-parallax-row-no eltdf-disabled-bg-image-bellow-no\" data-id=\"548a6cf\" data-element_type=\"section\">\n\t\t\t\t\t\t<div class=\"elementor-container elementor-column-gap-default\">\n\t\t\t\t\t<div class=\"has_eae_slider elementor-column elementor-col-50 elementor-top-column elementor-element elementor-element-7ed1f0d\" data-id=\"7ed1f0d\" data-element_type=\"column\">\n\t\t\t<div class=\"elementor-widget-wrap elementor-element-populated\">\n\t\t\t\t\t\t<section class=\"has_eae_slider elementor-section elementor-inner-section elementor-element elementor-element-630d38f elementor-section-boxed elementor-section-height-default elementor-section-height-default eltdf-parallax-row-no eltdf-content-aligment-left eltdf-elementor-row-grid-no eltdf-disabled-bg-image-bellow-no\" data-id=\"630d38f\" data-element_type=\"section\">\n\t\t\t\t\t\t<div class=\"elementor-container elementor-column-gap-default\">\n\t\t\t\t\t<div class=\"has_eae_slider elementor-column elementor-col-100 elementor-inner-column elementor-element elementor-element-9247a66\" data-id=\"9247a66\" data-element_type=\"column\">\n\t\t\t<div class=\"elementor-widget-wrap elementor-element-populated\">\n\t\t\t\t\t\t<div class=\"elementor-element elementor-element-db9f46a elementor-widget elementor-widget-eltdf_section_title\" data-id=\"db9f46a\" data-element_type=\"widget\" data-widget_type=\"eltdf_section_title.default\">\n\t\t\t\t<div class=\"elementor-widget-container\">\n\t\t\t<div class=\"eltdf-section-title-holder    \" style=\"text-align: center\">\n\t<div class=\"eltdf-st-inner\">\n        \t\t            <div class=\"eltdf-st-title-holder\">\n                                    <div class=\"decor\"><svg xmlns=\"http:\/\/www.w3.org\/2000\/svg\" width=\"41.125\" height=\"9.146\">\n                            <path fill=\"none\" stroke=\"#9C7C57\" stroke-miterlimit=\"10\" d=\"M40.881 8.576L20.562.591.244 8.576\"\/>\n                            <path fill=\"none\" stroke=\"#9C7C57\" stroke-miterlimit=\"10\" d=\"M40.881.591L20.562 8.576.243.591\"\/>\n                        <\/svg><\/div>\n                                <h5 class=\"eltdf-st-title\" >\n                    Dep\u00f3sito de reserva                <\/h5>\n                                    <div class=\"decor\"><svg xmlns=\"http:\/\/www.w3.org\/2000\/svg\" width=\"41.125\" height=\"9.146\">\n                            <path fill=\"none\" stroke=\"#9C7C57\" stroke-miterlimit=\"10\" d=\"M40.881 8.576L20.562.591.244 8.576\"\/>\n                            <path fill=\"none\" stroke=\"#9C7C57\" stroke-miterlimit=\"10\" d=\"M40.881.591L20.562 8.576.243.591\"\/>\n                        <\/svg><\/div>\n                            <\/div>\n\t\t\t\t\t\t\t<\/div>\n<\/div>\t\t<\/div>\n\t\t\t\t<\/div>\n\t\t\t\t<div class=\"elementor-element elementor-element-93b7099 elementor-widget elementor-widget-text-editor\" data-id=\"93b7099\" data-element_type=\"widget\" data-widget_type=\"text-editor.default\">\n\t\t\t\t<div class=\"elementor-widget-container\">\n\t\t\t\t\t\t\tBienvenido a la p\u00e1gina de Dep\u00f3sito de Reserva. Desde aqu\u00ed podr\u00e1 confirmar y realizar el pago de su reserva.\n<br><br>\nDeber\u00e1 rellenar el siguiente formulario con sus datos personales, introducir el identificador de reserva que le habr\u00e1 proporcionado el restaurante y el importe del dep\u00f3sito.\t\t\t\t\t\t<\/div>\n\t\t\t\t<\/div>\n\t\t\t\t\t<\/div>\n\t\t<\/div>\n\t\t\t\t\t<\/div>\n\t\t<\/section>\n\t\t\t\t\t<\/div>\n\t\t<\/div>\n\t\t\t\t<div class=\"has_eae_slider elementor-column elementor-col-50 elementor-top-column elementor-element elementor-element-454c0c7\" data-id=\"454c0c7\" data-element_type=\"column\">\n\t\t\t<div class=\"elementor-widget-wrap elementor-element-populated\">\n\t\t\t\t\t\t<div class=\"elementor-element elementor-element-5718ecd elementor-widget elementor-widget-eltdf_section_title\" data-id=\"5718ecd\" data-element_type=\"widget\" data-widget_type=\"eltdf_section_title.default\">\n\t\t\t\t<div class=\"elementor-widget-container\">\n\t\t\t<div class=\"eltdf-section-title-holder    \" style=\"text-align: center\">\n\t<div class=\"eltdf-st-inner\">\n        \t\t            <div class=\"eltdf-st-title-holder\">\n                                    <div class=\"decor\"><svg xmlns=\"http:\/\/www.w3.org\/2000\/svg\" width=\"41.125\" height=\"9.146\">\n                            <path fill=\"none\" stroke=\"#9C7C57\" stroke-miterlimit=\"10\" d=\"M40.881 8.576L20.562.591.244 8.576\"\/>\n                            <path fill=\"none\" stroke=\"#9C7C57\" stroke-miterlimit=\"10\" d=\"M40.881.591L20.562 8.576.243.591\"\/>\n                        <\/svg><\/div>\n                                <h5 class=\"eltdf-st-title\" >\n                    Realice su dep\u00f3sito                <\/h5>\n                                    <div class=\"decor\"><svg xmlns=\"http:\/\/www.w3.org\/2000\/svg\" width=\"41.125\" height=\"9.146\">\n                            <path fill=\"none\" stroke=\"#9C7C57\" stroke-miterlimit=\"10\" d=\"M40.881 8.576L20.562.591.244 8.576\"\/>\n                            <path fill=\"none\" stroke=\"#9C7C57\" stroke-miterlimit=\"10\" d=\"M40.881.591L20.562 8.576.243.591\"\/>\n                        <\/svg><\/div>\n                            <\/div>\n\t\t\t\t\t\t\t<\/div>\n<\/div>\t\t<\/div>\n\t\t\t\t<\/div>\n\t\t\t\t<div class=\"elementor-element elementor-element-0023919 elementor-widget elementor-widget-eltdf_cf7\" data-id=\"0023919\" data-element_type=\"widget\" data-widget_type=\"eltdf_cf7.default\">\n\t\t\t\t<div class=\"elementor-widget-container\">\n\t\t\t    \n<div class=\"wpcf7 no-js\" id=\"wpcf7-f6298-o1\" lang=\"es-ES\" dir=\"ltr\">\n<div class=\"screen-reader-response\"><p role=\"status\" aria-live=\"polite\" aria-atomic=\"true\"><\/p> <ul><\/ul><\/div>\n<form action=\"\/es\/wp-json\/wp\/v2\/pages\/6296#wpcf7-f6298-o1\" method=\"post\" class=\"wpcf7-form init cf7_custom_style_1\" aria-label=\"Formulario de contacto\" novalidate=\"novalidate\" data-status=\"init\">\n<div style=\"display: none;\">\n<input type=\"hidden\" name=\"_wpcf7\" value=\"6298\" \/>\n<input type=\"hidden\" name=\"_wpcf7_version\" value=\"5.9.8\" \/>\n<input type=\"hidden\" name=\"_wpcf7_locale\" value=\"es_ES\" \/>\n<input type=\"hidden\" name=\"_wpcf7_unit_tag\" value=\"wpcf7-f6298-o1\" \/>\n<input type=\"hidden\" name=\"_wpcf7_container_post\" value=\"0\" \/>\n<input type=\"hidden\" name=\"_wpcf7_posted_data_hash\" value=\"\" \/>\n<input type=\"hidden\" name=\"_wpcf7_recaptcha_response\" value=\"\" \/>\n<\/div>\n<label> Su nombre y apellidos*\n    <span class=\"wpcf7-form-control-wrap\" data-name=\"your-name\"><input size=\"40\" maxlength=\"400\" class=\"wpcf7-form-control wpcf7-text wpcf7-validates-as-required\" aria-required=\"true\" aria-invalid=\"false\" value=\"\" type=\"text\" name=\"your-name\" \/><\/span> <\/label>\n\n<label> Raz\u00f3n social*\n <span class=\"wpcf7-form-control-wrap\" data-name=\"razon\"><input size=\"40\" maxlength=\"400\" class=\"wpcf7-form-control wpcf7-text wpcf7-validates-as-required\" aria-required=\"true\" aria-invalid=\"false\" value=\"\" type=\"text\" name=\"razon\" \/><\/span><\/label>\n\n<label>Tel\u00e9fono*\n<span class=\"wpcf7-form-control-wrap\" data-name=\"tel-704\"><input size=\"40\" maxlength=\"400\" class=\"wpcf7-form-control wpcf7-tel wpcf7-validates-as-required wpcf7-text wpcf7-validates-as-tel\" aria-required=\"true\" aria-invalid=\"false\" value=\"\" type=\"tel\" name=\"tel-704\" \/><\/span><\/label>\n\n<label> Su correo electr\u00f3nico*\n    <span class=\"wpcf7-form-control-wrap\" data-name=\"your-email\"><input size=\"40\" maxlength=\"400\" class=\"wpcf7-form-control wpcf7-email wpcf7-validates-as-required wpcf7-text wpcf7-validates-as-email\" aria-required=\"true\" aria-invalid=\"false\" value=\"\" type=\"email\" name=\"your-email\" \/><\/span> <\/label>\n\n<label> Identificador de su reserva*\n    <span class=\"wpcf7-form-control-wrap\" data-name=\"identificador\"><input size=\"40\" maxlength=\"400\" class=\"wpcf7-form-control wpcf7-text wpcf7-validates-as-required\" aria-required=\"true\" aria-invalid=\"false\" value=\"\" type=\"text\" name=\"identificador\" \/><\/span> <\/label>\n\n<label> Importe en (\u20ac)*\n<span class=\"wpcf7-form-control-wrap\" data-name=\"precio\"><input class=\"wpcf7-form-control wpcf7-number wpcf7-validates-as-required wpcf7-validates-as-number\" aria-required=\"true\" aria-invalid=\"false\" value=\"\" type=\"number\" name=\"precio\" \/><\/span><\/label>\n\n<span class=\"wpcf7-form-control-wrap\" data-name=\"acceptance-761\"><span class=\"wpcf7-form-control wpcf7-acceptance\"><span class=\"wpcf7-list-item\"><label><input type=\"checkbox\" name=\"acceptance-761\" value=\"1\" aria-invalid=\"false\" \/><span class=\"wpcf7-list-item-label\">He leido y acepto la <a href=\"\/es\/politica-de-privacidad\" target=\"_blank\">Pol\u00edtica de privacidad<\/a><\/span><\/label><\/span><\/span><\/span>\n\n<button class=\"wpcf7-form-control wpcf7-submit eltdf-btn eltdf-btn-medium eltdf-btn-outline\" type=\"submit\"><span class=\"eltdf-btn-text\">continuar<\/span><\/button>\n\n*Campos obligatorios<p style=\"display: none !important;\" class=\"akismet-fields-container\" data-prefix=\"_wpcf7_ak_\"><label>&#916;<textarea name=\"_wpcf7_ak_hp_textarea\" cols=\"45\" rows=\"8\" maxlength=\"100\"><\/textarea><\/label><input type=\"hidden\" id=\"ak_js_1\" name=\"_wpcf7_ak_js\" value=\"56\"\/><script>document.getElementById( \"ak_js_1\" ).setAttribute( \"value\", ( new Date() ).getTime() );<\/script><\/p><div class=\"wpcf7-response-output\" aria-hidden=\"true\"><\/div>\n<\/form>\n<\/div>\n\t\t<\/div>\n\t\t\t\t<\/div>\n\t\t\t\t\t<\/div>\n\t\t<\/div>\n\t\t\t\t\t<\/div>\n\t\t<\/section>\n\t\t\t\t<\/div>\n\t\t","protected":false},"excerpt":{"rendered":"<p>&nbsp; Dep\u00f3sito de reserva Bienvenido a la p\u00e1gina de Dep\u00f3sito de Reserva. Desde aqu\u00ed podr\u00e1 confirmar y realizar el pago de su reserva. Deber\u00e1 rellenar el siguiente formulario con sus datos personales, introducir el identificador de reserva que le habr\u00e1 [&hellip;]<\/p>\n","protected":false},"author":1,"featured_media":0,"parent":0,"menu_order":0,"comment_status":"closed","ping_status":"closed","template":"full-width.php","meta":{"footnotes":""},"yoast_head":"<!-- This site is optimized with the Yoast SEO plugin v24.5 - https:\/\/yoast.com\/wordpress\/plugins\/seo\/ -->\n<title>Dep\u00f3sito - Can Cortada<\/title>\n<meta name=\"robots\" content=\"index, nofollow, max-snippet:-1, max-image-preview:large, max-video-preview:-1\" \/>\n<link rel=\"canonical\" href=\"https:\/\/cancortada.com\/es\/deposito\/\" \/>\n<meta property=\"og:locale\" content=\"es_ES\" \/>\n<meta property=\"og:type\" content=\"article\" \/>\n<meta property=\"og:title\" content=\"Dep\u00f3sito - Can Cortada\" \/>\n<meta property=\"og:description\" content=\"&nbsp; Dep\u00f3sito de reserva Bienvenido a la p\u00e1gina de Dep\u00f3sito de Reserva. Desde aqu\u00ed podr\u00e1 confirmar y realizar el pago de su reserva. Deber\u00e1 rellenar el siguiente formulario con sus datos personales, introducir el identificador de reserva que le habr\u00e1 [&hellip;]\" \/>\n<meta property=\"og:url\" content=\"https:\/\/cancortada.com\/es\/deposito\/\" \/>\n<meta property=\"og:site_name\" content=\"Can Cortada\" \/>\n<meta property=\"article:publisher\" content=\"https:\/\/www.facebook.com\/cancortada\/\" \/>\n<meta property=\"article:modified_time\" content=\"2022-10-11T09:36:47+00:00\" \/>\n<meta property=\"og:image\" content=\"https:\/\/cancortada.com\/wp-content\/uploads\/2021\/09\/logo.png\" \/>\n\t<meta property=\"og:image:width\" content=\"241\" \/>\n\t<meta property=\"og:image:height\" content=\"241\" \/>\n\t<meta property=\"og:image:type\" content=\"image\/png\" \/>\n<meta name=\"twitter:card\" content=\"summary_large_image\" \/>\n<script type=\"application\/ld+json\" class=\"yoast-schema-graph\">{\"@context\":\"https:\/\/schema.org\",\"@graph\":[{\"@type\":\"WebPage\",\"@id\":\"https:\/\/cancortada.com\/es\/deposito\/\",\"url\":\"https:\/\/cancortada.com\/es\/deposito\/\",\"name\":\"Dep\u00f3sito - Can Cortada\",\"isPartOf\":{\"@id\":\"https:\/\/cancortada.com\/es\/#website\"},\"datePublished\":\"2021-10-12T21:47:26+00:00\",\"dateModified\":\"2022-10-11T09:36:47+00:00\",\"breadcrumb\":{\"@id\":\"https:\/\/cancortada.com\/es\/deposito\/#breadcrumb\"},\"inLanguage\":\"es\",\"potentialAction\":[{\"@type\":\"ReadAction\",\"target\":[\"https:\/\/cancortada.com\/es\/deposito\/\"]}]},{\"@type\":\"BreadcrumbList\",\"@id\":\"https:\/\/cancortada.com\/es\/deposito\/#breadcrumb\",\"itemListElement\":[{\"@type\":\"ListItem\",\"position\":1,\"name\":\"Portada\",\"item\":\"https:\/\/cancortada.com\/es\/\"},{\"@type\":\"ListItem\",\"position\":2,\"name\":\"Dep\u00f3sito\"}]},{\"@type\":\"WebSite\",\"@id\":\"https:\/\/cancortada.com\/es\/#website\",\"url\":\"https:\/\/cancortada.com\/es\/\",\"name\":\"Can Cortada\",\"description\":\"\",\"publisher\":{\"@id\":\"https:\/\/cancortada.com\/es\/#organization\"},\"potentialAction\":[{\"@type\":\"SearchAction\",\"target\":{\"@type\":\"EntryPoint\",\"urlTemplate\":\"https:\/\/cancortada.com\/es\/?s={search_term_string}\"},\"query-input\":{\"@type\":\"PropertyValueSpecification\",\"valueRequired\":true,\"valueName\":\"search_term_string\"}}],\"inLanguage\":\"es\"},{\"@type\":\"Organization\",\"@id\":\"https:\/\/cancortada.com\/es\/#organization\",\"name\":\"Can Cortada\",\"url\":\"https:\/\/cancortada.com\/es\/\",\"logo\":{\"@type\":\"ImageObject\",\"inLanguage\":\"es\",\"@id\":\"https:\/\/cancortada.com\/es\/#\/schema\/logo\/image\/\",\"url\":\"https:\/\/cancortada.com\/wp-content\/uploads\/2021\/09\/logo.png\",\"contentUrl\":\"https:\/\/cancortada.com\/wp-content\/uploads\/2021\/09\/logo.png\",\"width\":241,\"height\":241,\"caption\":\"Can Cortada\"},\"image\":{\"@id\":\"https:\/\/cancortada.com\/es\/#\/schema\/logo\/image\/\"},\"sameAs\":[\"https:\/\/www.facebook.com\/cancortada\/\",\"https:\/\/www.instagram.com\/cancortada\"]}]}<\/script>\n<!-- \/ Yoast SEO plugin. -->","yoast_head_json":{"title":"Dep\u00f3sito - Can Cortada","robots":{"index":"index","follow":"nofollow","max-snippet":"max-snippet:-1","max-image-preview":"max-image-preview:large","max-video-preview":"max-video-preview:-1"},"canonical":"https:\/\/cancortada.com\/es\/deposito\/","og_locale":"es_ES","og_type":"article","og_title":"Dep\u00f3sito - Can Cortada","og_description":"&nbsp; Dep\u00f3sito de reserva Bienvenido a la p\u00e1gina de Dep\u00f3sito de Reserva. Desde aqu\u00ed podr\u00e1 confirmar y realizar el pago de su reserva. Deber\u00e1 rellenar el siguiente formulario con sus datos personales, introducir el identificador de reserva que le habr\u00e1 [&hellip;]","og_url":"https:\/\/cancortada.com\/es\/deposito\/","og_site_name":"Can Cortada","article_publisher":"https:\/\/www.facebook.com\/cancortada\/","article_modified_time":"2022-10-11T09:36:47+00:00","og_image":[{"width":241,"height":241,"url":"https:\/\/cancortada.com\/wp-content\/uploads\/2021\/09\/logo.png","type":"image\/png"}],"twitter_card":"summary_large_image","schema":{"@context":"https:\/\/schema.org","@graph":[{"@type":"WebPage","@id":"https:\/\/cancortada.com\/es\/deposito\/","url":"https:\/\/cancortada.com\/es\/deposito\/","name":"Dep\u00f3sito - Can Cortada","isPartOf":{"@id":"https:\/\/cancortada.com\/es\/#website"},"datePublished":"2021-10-12T21:47:26+00:00","dateModified":"2022-10-11T09:36:47+00:00","breadcrumb":{"@id":"https:\/\/cancortada.com\/es\/deposito\/#breadcrumb"},"inLanguage":"es","potentialAction":[{"@type":"ReadAction","target":["https:\/\/cancortada.com\/es\/deposito\/"]}]},{"@type":"BreadcrumbList","@id":"https:\/\/cancortada.com\/es\/deposito\/#breadcrumb","itemListElement":[{"@type":"ListItem","position":1,"name":"Portada","item":"https:\/\/cancortada.com\/es\/"},{"@type":"ListItem","position":2,"name":"Dep\u00f3sito"}]},{"@type":"WebSite","@id":"https:\/\/cancortada.com\/es\/#website","url":"https:\/\/cancortada.com\/es\/","name":"Can Cortada","description":"","publisher":{"@id":"https:\/\/cancortada.com\/es\/#organization"},"potentialAction":[{"@type":"SearchAction","target":{"@type":"EntryPoint","urlTemplate":"https:\/\/cancortada.com\/es\/?s={search_term_string}"},"query-input":{"@type":"PropertyValueSpecification","valueRequired":true,"valueName":"search_term_string"}}],"inLanguage":"es"},{"@type":"Organization","@id":"https:\/\/cancortada.com\/es\/#organization","name":"Can Cortada","url":"https:\/\/cancortada.com\/es\/","logo":{"@type":"ImageObject","inLanguage":"es","@id":"https:\/\/cancortada.com\/es\/#\/schema\/logo\/image\/","url":"https:\/\/cancortada.com\/wp-content\/uploads\/2021\/09\/logo.png","contentUrl":"https:\/\/cancortada.com\/wp-content\/uploads\/2021\/09\/logo.png","width":241,"height":241,"caption":"Can Cortada"},"image":{"@id":"https:\/\/cancortada.com\/es\/#\/schema\/logo\/image\/"},"sameAs":["https:\/\/www.facebook.com\/cancortada\/","https:\/\/www.instagram.com\/cancortada"]}]}},"_links":{"self":[{"href":"https:\/\/cancortada.com\/es\/wp-json\/wp\/v2\/pages\/6296"}],"collection":[{"href":"https:\/\/cancortada.com\/es\/wp-json\/wp\/v2\/pages"}],"about":[{"href":"https:\/\/cancortada.com\/es\/wp-json\/wp\/v2\/types\/page"}],"author":[{"embeddable":true,"href":"https:\/\/cancortada.com\/es\/wp-json\/wp\/v2\/users\/1"}],"replies":[{"embeddable":true,"href":"https:\/\/cancortada.com\/es\/wp-json\/wp\/v2\/comments?post=6296"}],"version-history":[{"count":2,"href":"https:\/\/cancortada.com\/es\/wp-json\/wp\/v2\/pages\/6296\/revisions"}],"predecessor-version":[{"id":7980,"href":"https:\/\/cancortada.com\/es\/wp-json\/wp\/v2\/pages\/6296\/revisions\/7980"}],"wp:attachment":[{"href":"https:\/\/cancortada.com\/es\/wp-json\/wp\/v2\/media?parent=6296"}],"curies":[{"name":"wp","href":"https:\/\/api.w.org\/{rel}","templated":true}]}}