{"id":6419,"date":"2021-10-19T10:58:54","date_gmt":"2021-10-19T10:58:54","guid":{"rendered":"https:\/\/cancortada.com\/?page_id=6419"},"modified":"2022-02-14T12:21:06","modified_gmt":"2022-02-14T12:21:06","slug":"deposito-ko","status":"publish","type":"page","link":"https:\/\/cancortada.com\/es\/deposito-ko\/","title":{"rendered":"Dep\u00f3sito ko"},"content":{"rendered":"\t\t<div data-elementor-type=\"wp-page\" data-elementor-id=\"6419\" class=\"elementor elementor-6419\">\n\t\t\t\t\t\t<section class=\"has_eae_slider elementor-section elementor-top-section elementor-element elementor-element-1b739d9 elementor-section-boxed elementor-section-height-default elementor-section-height-default eltdf-parallax-row-no eltdf-content-aligment-left eltdf-elementor-row-grid-no eltdf-disabled-bg-image-bellow-no\" data-id=\"1b739d9\" data-element_type=\"section\">\n\t\t\t\t\t\t<div class=\"elementor-container elementor-column-gap-default\">\n\t\t\t\t\t<div class=\"has_eae_slider elementor-column elementor-col-100 elementor-top-column elementor-element elementor-element-c089539\" data-id=\"c089539\" data-element_type=\"column\">\n\t\t\t<div class=\"elementor-widget-wrap elementor-element-populated\">\n\t\t\t\t\t\t<div class=\"elementor-element elementor-element-5e9e73f elementor-widget elementor-widget-eltdf_section_title\" data-id=\"5e9e73f\" data-element_type=\"widget\" data-widget_type=\"eltdf_section_title.default\">\n\t\t\t\t<div class=\"elementor-widget-container\">\n\t\t\t<div class=\"eltdf-section-title-holder    \" style=\"text-align: center\">\n\t<div class=\"eltdf-st-inner\">\n        \t\t            <div class=\"eltdf-st-title-holder\">\n                                    <div class=\"decor\"><svg xmlns=\"http:\/\/www.w3.org\/2000\/svg\" width=\"41.125\" height=\"9.146\">\n                            <path fill=\"none\" stroke=\"#9C7C57\" stroke-miterlimit=\"10\" d=\"M40.881 8.576L20.562.591.244 8.576\"\/>\n                            <path fill=\"none\" stroke=\"#9C7C57\" stroke-miterlimit=\"10\" d=\"M40.881.591L20.562 8.576.243.591\"\/>\n                        <\/svg><\/div>\n                                <h5 class=\"eltdf-st-title\" >\n                    \u00a1Ha ocurrido un error!                <\/h5>\n                                    <div class=\"decor\"><svg xmlns=\"http:\/\/www.w3.org\/2000\/svg\" width=\"41.125\" height=\"9.146\">\n                            <path fill=\"none\" stroke=\"#9C7C57\" stroke-miterlimit=\"10\" d=\"M40.881 8.576L20.562.591.244 8.576\"\/>\n                            <path fill=\"none\" stroke=\"#9C7C57\" stroke-miterlimit=\"10\" d=\"M40.881.591L20.562 8.576.243.591\"\/>\n                        <\/svg><\/div>\n                            <\/div>\n\t\t\t\t\t\t\t<\/div>\n<\/div>\t\t<\/div>\n\t\t\t\t<\/div>\n\t\t\t\t<div class=\"elementor-element elementor-element-0e12f10 elementor-widget elementor-widget-text-editor\" data-id=\"0e12f10\" data-element_type=\"widget\" data-widget_type=\"text-editor.default\">\n\t\t\t\t<div class=\"elementor-widget-container\">\n\t\t\t\t\t\t\tHa habido un problema con el dep\u00f3sito de su reserva. Vuelva a rellenar el formulario y aseg\u00farese de que todos sus datos personales y los de su tarjeta sean correctos.\t\t\t\t\t\t<\/div>\n\t\t\t\t<\/div>\n\t\t\t\t\t<\/div>\n\t\t<\/div>\n\t\t\t\t\t<\/div>\n\t\t<\/section>\n\t\t\t\t<section class=\"has_eae_slider elementor-section elementor-top-section elementor-element elementor-element-6c175d4 elementor-section-boxed elementor-section-height-default elementor-section-height-default eltdf-parallax-row-no eltdf-content-aligment-left eltdf-elementor-row-grid-no eltdf-disabled-bg-image-bellow-no\" data-id=\"6c175d4\" data-element_type=\"section\">\n\t\t\t\t\t\t<div class=\"elementor-container elementor-column-gap-default\">\n\t\t\t\t\t<div class=\"has_eae_slider elementor-column elementor-col-100 elementor-top-column elementor-element elementor-element-8775b57\" data-id=\"8775b57\" data-element_type=\"column\">\n\t\t\t<div class=\"elementor-widget-wrap elementor-element-populated\">\n\t\t\t\t\t\t<div class=\"elementor-element elementor-element-2405f85 elementor-view-default elementor-position-top elementor-mobile-position-top elementor-widget elementor-widget-icon-box\" data-id=\"2405f85\" data-element_type=\"widget\" data-widget_type=\"icon-box.default\">\n\t\t\t\t<div class=\"elementor-widget-container\">\n\t\t\t\t\t<div class=\"elementor-icon-box-wrapper\">\n\n\t\t\t\t\t\t<div class=\"elementor-icon-box-icon\">\n\t\t\t\t<a href=\"\/es\/deposito\" class=\"elementor-icon elementor-animation-\" tabindex=\"-1\">\n\t\t\t\t<i aria-hidden=\"true\" class=\"fas fa-pager\"><\/i>\t\t\t\t<\/a>\n\t\t\t<\/div>\n\t\t\t\n\t\t\t\t\t\t<div class=\"elementor-icon-box-content\">\n\n\t\t\t\t\t\t\t\t\t<h3 class=\"elementor-icon-box-title\">\n\t\t\t\t\t\t<a href=\"\/es\/deposito\" >\n\t\t\t\t\t\t\tVolver a la p\u00e1gina de su dep\u00f3sito\t\t\t\t\t\t<\/a>\n\t\t\t\t\t<\/h3>\n\t\t\t\t\n\t\t\t\t\n\t\t\t<\/div>\n\t\t\t\n\t\t<\/div>\n\t\t\t\t<\/div>\n\t\t\t\t<\/div>\n\t\t\t\t\t<\/div>\n\t\t<\/div>\n\t\t\t\t\t<\/div>\n\t\t<\/section>\n\t\t\t\t<\/div>\n\t\t","protected":false},"excerpt":{"rendered":"<p>&nbsp; \u00a1Ha ocurrido un error! Ha habido un problema con el dep\u00f3sito de su reserva. Vuelva a rellenar el formulario y aseg\u00farese de que todos sus datos personales y los de su tarjeta sean correctos. Volver a la p\u00e1gina de [&hellip;]<\/p>\n","protected":false},"author":1,"featured_media":0,"parent":0,"menu_order":0,"comment_status":"closed","ping_status":"closed","template":"","meta":{"footnotes":""},"yoast_head":"<!-- This site is optimized with the Yoast SEO plugin v24.5 - https:\/\/yoast.com\/wordpress\/plugins\/seo\/ -->\n<title>Dep\u00f3sito ko - Can Cortada<\/title>\n<meta name=\"robots\" content=\"index, nofollow, max-snippet:-1, max-image-preview:large, max-video-preview:-1\" \/>\n<link rel=\"canonical\" href=\"https:\/\/cancortada.com\/es\/deposito-ko\/\" \/>\n<meta property=\"og:locale\" content=\"es_ES\" \/>\n<meta property=\"og:type\" content=\"article\" \/>\n<meta property=\"og:title\" content=\"Dep\u00f3sito ko - Can Cortada\" \/>\n<meta property=\"og:description\" content=\"&nbsp; \u00a1Ha ocurrido un error! Ha habido un problema con el dep\u00f3sito de su reserva. Vuelva a rellenar el formulario y aseg\u00farese de que todos sus datos personales y los de su tarjeta sean correctos. Volver a la p\u00e1gina de [&hellip;]\" \/>\n<meta property=\"og:url\" content=\"https:\/\/cancortada.com\/es\/deposito-ko\/\" \/>\n<meta property=\"og:site_name\" content=\"Can Cortada\" \/>\n<meta property=\"article:publisher\" content=\"https:\/\/www.facebook.com\/cancortada\/\" \/>\n<meta property=\"article:modified_time\" content=\"2022-02-14T12:21:06+00:00\" \/>\n<meta property=\"og:image\" content=\"https:\/\/cancortada.com\/wp-content\/uploads\/2021\/09\/logo.png\" \/>\n\t<meta property=\"og:image:width\" content=\"241\" \/>\n\t<meta property=\"og:image:height\" content=\"241\" \/>\n\t<meta property=\"og:image:type\" content=\"image\/png\" \/>\n<meta name=\"twitter:card\" content=\"summary_large_image\" \/>\n<script type=\"application\/ld+json\" class=\"yoast-schema-graph\">{\"@context\":\"https:\/\/schema.org\",\"@graph\":[{\"@type\":\"WebPage\",\"@id\":\"https:\/\/cancortada.com\/es\/deposito-ko\/\",\"url\":\"https:\/\/cancortada.com\/es\/deposito-ko\/\",\"name\":\"Dep\u00f3sito ko - Can Cortada\",\"isPartOf\":{\"@id\":\"https:\/\/cancortada.com\/es\/#website\"},\"datePublished\":\"2021-10-19T10:58:54+00:00\",\"dateModified\":\"2022-02-14T12:21:06+00:00\",\"breadcrumb\":{\"@id\":\"https:\/\/cancortada.com\/es\/deposito-ko\/#breadcrumb\"},\"inLanguage\":\"es\",\"potentialAction\":[{\"@type\":\"ReadAction\",\"target\":[\"https:\/\/cancortada.com\/es\/deposito-ko\/\"]}]},{\"@type\":\"BreadcrumbList\",\"@id\":\"https:\/\/cancortada.com\/es\/deposito-ko\/#breadcrumb\",\"itemListElement\":[{\"@type\":\"ListItem\",\"position\":1,\"name\":\"Portada\",\"item\":\"https:\/\/cancortada.com\/es\/\"},{\"@type\":\"ListItem\",\"position\":2,\"name\":\"Dep\u00f3sito ko\"}]},{\"@type\":\"WebSite\",\"@id\":\"https:\/\/cancortada.com\/es\/#website\",\"url\":\"https:\/\/cancortada.com\/es\/\",\"name\":\"Can Cortada\",\"description\":\"\",\"publisher\":{\"@id\":\"https:\/\/cancortada.com\/es\/#organization\"},\"potentialAction\":[{\"@type\":\"SearchAction\",\"target\":{\"@type\":\"EntryPoint\",\"urlTemplate\":\"https:\/\/cancortada.com\/es\/?s={search_term_string}\"},\"query-input\":{\"@type\":\"PropertyValueSpecification\",\"valueRequired\":true,\"valueName\":\"search_term_string\"}}],\"inLanguage\":\"es\"},{\"@type\":\"Organization\",\"@id\":\"https:\/\/cancortada.com\/es\/#organization\",\"name\":\"Can Cortada\",\"url\":\"https:\/\/cancortada.com\/es\/\",\"logo\":{\"@type\":\"ImageObject\",\"inLanguage\":\"es\",\"@id\":\"https:\/\/cancortada.com\/es\/#\/schema\/logo\/image\/\",\"url\":\"https:\/\/cancortada.com\/wp-content\/uploads\/2021\/09\/logo.png\",\"contentUrl\":\"https:\/\/cancortada.com\/wp-content\/uploads\/2021\/09\/logo.png\",\"width\":241,\"height\":241,\"caption\":\"Can Cortada\"},\"image\":{\"@id\":\"https:\/\/cancortada.com\/es\/#\/schema\/logo\/image\/\"},\"sameAs\":[\"https:\/\/www.facebook.com\/cancortada\/\",\"https:\/\/www.instagram.com\/cancortada\"]}]}<\/script>\n<!-- \/ Yoast SEO plugin. -->","yoast_head_json":{"title":"Dep\u00f3sito ko - Can Cortada","robots":{"index":"index","follow":"nofollow","max-snippet":"max-snippet:-1","max-image-preview":"max-image-preview:large","max-video-preview":"max-video-preview:-1"},"canonical":"https:\/\/cancortada.com\/es\/deposito-ko\/","og_locale":"es_ES","og_type":"article","og_title":"Dep\u00f3sito ko - Can Cortada","og_description":"&nbsp; \u00a1Ha ocurrido un error! Ha habido un problema con el dep\u00f3sito de su reserva. Vuelva a rellenar el formulario y aseg\u00farese de que todos sus datos personales y los de su tarjeta sean correctos. Volver a la p\u00e1gina de [&hellip;]","og_url":"https:\/\/cancortada.com\/es\/deposito-ko\/","og_site_name":"Can Cortada","article_publisher":"https:\/\/www.facebook.com\/cancortada\/","article_modified_time":"2022-02-14T12:21:06+00:00","og_image":[{"width":241,"height":241,"url":"https:\/\/cancortada.com\/wp-content\/uploads\/2021\/09\/logo.png","type":"image\/png"}],"twitter_card":"summary_large_image","schema":{"@context":"https:\/\/schema.org","@graph":[{"@type":"WebPage","@id":"https:\/\/cancortada.com\/es\/deposito-ko\/","url":"https:\/\/cancortada.com\/es\/deposito-ko\/","name":"Dep\u00f3sito ko - Can Cortada","isPartOf":{"@id":"https:\/\/cancortada.com\/es\/#website"},"datePublished":"2021-10-19T10:58:54+00:00","dateModified":"2022-02-14T12:21:06+00:00","breadcrumb":{"@id":"https:\/\/cancortada.com\/es\/deposito-ko\/#breadcrumb"},"inLanguage":"es","potentialAction":[{"@type":"ReadAction","target":["https:\/\/cancortada.com\/es\/deposito-ko\/"]}]},{"@type":"BreadcrumbList","@id":"https:\/\/cancortada.com\/es\/deposito-ko\/#breadcrumb","itemListElement":[{"@type":"ListItem","position":1,"name":"Portada","item":"https:\/\/cancortada.com\/es\/"},{"@type":"ListItem","position":2,"name":"Dep\u00f3sito ko"}]},{"@type":"WebSite","@id":"https:\/\/cancortada.com\/es\/#website","url":"https:\/\/cancortada.com\/es\/","name":"Can Cortada","description":"","publisher":{"@id":"https:\/\/cancortada.com\/es\/#organization"},"potentialAction":[{"@type":"SearchAction","target":{"@type":"EntryPoint","urlTemplate":"https:\/\/cancortada.com\/es\/?s={search_term_string}"},"query-input":{"@type":"PropertyValueSpecification","valueRequired":true,"valueName":"search_term_string"}}],"inLanguage":"es"},{"@type":"Organization","@id":"https:\/\/cancortada.com\/es\/#organization","name":"Can Cortada","url":"https:\/\/cancortada.com\/es\/","logo":{"@type":"ImageObject","inLanguage":"es","@id":"https:\/\/cancortada.com\/es\/#\/schema\/logo\/image\/","url":"https:\/\/cancortada.com\/wp-content\/uploads\/2021\/09\/logo.png","contentUrl":"https:\/\/cancortada.com\/wp-content\/uploads\/2021\/09\/logo.png","width":241,"height":241,"caption":"Can Cortada"},"image":{"@id":"https:\/\/cancortada.com\/es\/#\/schema\/logo\/image\/"},"sameAs":["https:\/\/www.facebook.com\/cancortada\/","https:\/\/www.instagram.com\/cancortada"]}]}},"_links":{"self":[{"href":"https:\/\/cancortada.com\/es\/wp-json\/wp\/v2\/pages\/6419"}],"collection":[{"href":"https:\/\/cancortada.com\/es\/wp-json\/wp\/v2\/pages"}],"about":[{"href":"https:\/\/cancortada.com\/es\/wp-json\/wp\/v2\/types\/page"}],"author":[{"embeddable":true,"href":"https:\/\/cancortada.com\/es\/wp-json\/wp\/v2\/users\/1"}],"replies":[{"embeddable":true,"href":"https:\/\/cancortada.com\/es\/wp-json\/wp\/v2\/comments?post=6419"}],"version-history":[{"count":0,"href":"https:\/\/cancortada.com\/es\/wp-json\/wp\/v2\/pages\/6419\/revisions"}],"wp:attachment":[{"href":"https:\/\/cancortada.com\/es\/wp-json\/wp\/v2\/media?parent=6419"}],"curies":[{"name":"wp","href":"https:\/\/api.w.org\/{rel}","templated":true}]}}