{"id":7862,"date":"2022-02-21T16:13:38","date_gmt":"2022-02-21T16:13:38","guid":{"rendered":"https:\/\/cancortada.com\/?page_id=7862"},"modified":"2022-02-21T16:21:37","modified_gmt":"2022-02-21T16:21:37","slug":"politica-de-cookies","status":"publish","type":"page","link":"https:\/\/cancortada.com\/es\/politica-de-cookies\/","title":{"rendered":"Pol\u00edtica de cookies"},"content":{"rendered":"\t\t<div data-elementor-type=\"wp-page\" data-elementor-id=\"7862\" class=\"elementor elementor-7862\">\n\t\t\t\t\t\t<section class=\"has_eae_slider elementor-section elementor-top-section elementor-element elementor-element-1d04915 elementor-section-boxed elementor-section-height-default elementor-section-height-default eltdf-parallax-row-no eltdf-content-aligment-left eltdf-elementor-row-grid-no eltdf-disabled-bg-image-bellow-no\" data-id=\"1d04915\" data-element_type=\"section\">\n\t\t\t\t\t\t<div class=\"elementor-container elementor-column-gap-default\">\n\t\t\t\t\t<div class=\"has_eae_slider elementor-column elementor-col-100 elementor-top-column elementor-element elementor-element-c2565cb\" data-id=\"c2565cb\" data-element_type=\"column\">\n\t\t\t<div class=\"elementor-widget-wrap elementor-element-populated\">\n\t\t\t\t\t\t<div class=\"elementor-element elementor-element-2ce465d elementor-widget elementor-widget-heading\" data-id=\"2ce465d\" data-element_type=\"widget\" data-widget_type=\"heading.default\">\n\t\t\t\t<div class=\"elementor-widget-container\">\n\t\t\t<h2 class=\"elementor-heading-title elementor-size-default\">Pol\u00edtica de cookies<\/h2>\t\t<\/div>\n\t\t\t\t<\/div>\n\t\t\t\t\t<\/div>\n\t\t<\/div>\n\t\t\t\t\t<\/div>\n\t\t<\/section>\n\t\t\t\t<section class=\"has_eae_slider elementor-section elementor-top-section elementor-element elementor-element-7cbcbd4 elementor-section-boxed elementor-section-height-default elementor-section-height-default eltdf-parallax-row-no eltdf-content-aligment-left eltdf-elementor-row-grid-no eltdf-disabled-bg-image-bellow-no\" data-id=\"7cbcbd4\" data-element_type=\"section\">\n\t\t\t\t\t\t<div class=\"elementor-container elementor-column-gap-default\">\n\t\t\t\t\t<div class=\"has_eae_slider elementor-column elementor-col-100 elementor-top-column elementor-element elementor-element-1d4c189\" data-id=\"1d4c189\" data-element_type=\"column\">\n\t\t\t<div class=\"elementor-widget-wrap elementor-element-populated\">\n\t\t\t\t\t\t<div class=\"elementor-element elementor-element-0c72564 elementor-widget elementor-widget-text-editor\" data-id=\"0c72564\" data-element_type=\"widget\" data-widget_type=\"text-editor.default\">\n\t\t\t\t<div class=\"elementor-widget-container\">\n\t\t\t\t\t\t\t<p>Las cookies son datos acerca del usuario de un sitio Web que se almacenan en el ordenador del usuario y a los que se puede acceder cuando se vuelve a visitar el sitio web. Hay diversos tipos de cookies, los m\u00e1s gen\u00e9ricos y utilizados son: \u00abcookies de sesi\u00f3n\u00bb y \u00abcookies permanentes\u00bb. Las cookies de sesi\u00f3n s\u00f3lo residen en la memoria y por tanto la cookie desaparece cuando se cierra el navegador. Las cookies permanentes, por otra parte, permanecen en el ordenador.<\/p><p>Esta web utiliza la informaci\u00f3n recopilada a trav\u00e9s de ambos tipos de cookies (sesi\u00f3n y permanentes) para mejorar los contenidos y el uso de los sitios Web. Puede borrar o bloquear las cookies a trav\u00e9s del navegador.<\/p><p>Si no acepta el uso de las cookies, puede cerrar el sitio Web que est\u00e1 visitando.<\/p><p>\u00a0<\/p><p><strong><u>TODOS LOS SITIOS WEB UTILIZAN COOKIES.<\/u><\/strong><\/p><p><strong><u>\u00bfQu\u00e9 son las cookies?<\/u><\/strong><\/p><p>Las cookies son datos acerca del usuario de un sitio Web que se almacenan en el ordenador del usuario y se recupera la informaci\u00f3n cuando navegas al visitar el mismo sitio web.<\/p><p>Hay diversos tipos de cookies, seg\u00fan quien que las gestiona, y el equipo o dominio desde donde se env\u00edan las cookies y traten los datos que se obtengan, podemos saber o distinguir entre ellas:<\/p><p><strong><u>Cookies propias<\/u><\/strong>: Son aquellas que se env\u00edan al equipo terminal del usuario desde un equipo o dominio gestionado por el propio editor y desde el que se presta el servicio solicitado por el usuario.<\/p><p><strong><u>Cookies de terceros<\/u><\/strong>: Son aquellas que se env\u00edan al equipo terminal del usuario desde un equipo o dominio que no es gestionado por el editor, sino por otra entidad que trata los datos obtenidos trav\u00e9s de las cookies.<\/p><p>En el caso de que las cookies sean instaladas desde un equipo o dominio gestionado por el propio editor, pero la informaci\u00f3n que se recoja mediante \u00e9stas sea gestionada por un tercero, no pueden ser consideradas como cookies propias.<\/p><p><strong>Tipos de cookies seg\u00fan el plazo de tiempo que permanecen activadas:<\/strong><\/p><p>Seg\u00fan el plazo de tiempo que permanecen activadas en el equipo terminal podemos distinguir:<\/p><p><strong><u>Cookies de sesi\u00f3n<\/u><\/strong>: Son un tipo de cookies dise\u00f1adas para recabar y almacenar datos mientras el usuario accede a una p\u00e1gina web. Se suelen emplear para almacenar informaci\u00f3n que solo interesa conservar para la prestaci\u00f3n del servicio solicitado por el usuario en una sola ocasi\u00f3n (por ej. una lista de productos adquiridos).<\/p><p><strong><u>Cookies persistentes<\/u><\/strong>: Son un tipo de cookies en el que los datos siguen almacenados en el terminal y pueden ser accedidos y tratados durante un periodo definido por el responsable de la cookie, y que puede ir de unos minutos a varios a\u00f1os.<\/p><p><strong>Tipos de cookies seg\u00fan su finalidad:<\/strong><\/p><p>Seg\u00fan la finalidad para la que se traten los datos obtenidos a trav\u00e9s de las cookies, podemos distinguir entre:<\/p><p><strong><u>Cookies t\u00e9cnicas<\/u><\/strong>: Son aqu\u00e9llas que permiten al usuario la navegaci\u00f3n a trav\u00e9s de una p\u00e1gina web, plataforma o aplicaci\u00f3n y la utilizaci\u00f3n de las diferentes opciones o servicios que en ella existan como, por ejemplo, controlar el tr\u00e1fico y la comunicaci\u00f3n de datos, identificar la sesi\u00f3n, acceder a partes de acceso restringido, recordar los elementos que integran un pedido, realizar el proceso de compra de un pedido, realizar la solicitud de inscripci\u00f3n o participaci\u00f3n en un evento, utilizar elementos de seguridad durante la navegaci\u00f3n, almacenar contenidos para la difusi\u00f3n de v\u00eddeos o sonido o compartir contenidos a trav\u00e9s de redes sociales.<\/p><p><strong><u>Cookies de preferencias o personalizaci\u00f3n<\/u><\/strong>: Son aqu\u00e9llas que permiten al usuario acceder al servicio con algunas caracter\u00edsticas de car\u00e1cter general predefinidas en funci\u00f3n de una serie de criterios en el terminal del usuario como por ejemplo serian el idioma, el tipo de navegador a trav\u00e9s del cual accede al servicio, la configuraci\u00f3n regional desde donde accede al servicio, etc.<\/p><p><strong><u>Cookies de an\u00e1lisis o medici\u00f3n<\/u><\/strong>: Son aqu\u00e9llas que permiten al responsable de las mismas, el seguimiento y an\u00e1lisis del comportamiento de los usuarios de los sitios web a los que est\u00e1n vinculadas. La informaci\u00f3n recogida mediante este tipo de cookies se utiliza en la medici\u00f3n de la actividad de los sitios web, aplicaci\u00f3n o plataforma y para la elaboraci\u00f3n de perfiles de navegaci\u00f3n de los usuarios de dichos sitios, aplicaciones y plataformas, con el fin de introducir mejoras en funci\u00f3n del an\u00e1lisis de los datos de uso que hacen los usuarios del servicio.<\/p><p><strong><u>Cookies publicitarias<\/u><\/strong>: Son aquellas que permiten la gesti\u00f3n, de la forma m\u00e1s eficaz posible, de los espacios publicitarios que, en su caso, el editor haya incluido en una p\u00e1gina web, aplicaci\u00f3n o plataforma desde la que presta el servicio solicitado en base a criterios como el contenido editado o la frecuencia en la que se muestran los anuncios.<\/p><p><strong><u>Cookies de publicidad comportamental<\/u><\/strong>: Son aquellas que permiten la gesti\u00f3n, de la forma m\u00e1s eficaz posible, de los espacios publicitarios que, en su caso, el editor haya incluido en una p\u00e1gina web, aplicaci\u00f3n o plataforma desde la que presta el servicio solicitado. Estas cookies almacenan informaci\u00f3n del comportamiento de los usuarios obtenida a trav\u00e9s de la observaci\u00f3n continuada de sus h\u00e1bitos de navegaci\u00f3n, lo que permite desarrollar un perfil espec\u00edfico para mostrar publicidad en funci\u00f3n del mismo.<\/p><p><strong><u>\u00bfC\u00f3mo desactivar las cookies desde su navegador web?<\/u><\/strong><\/p><p>Para ello debe saber que los navegadores permiten, bloquear, restringir e incluso borrar las cookies. Todos los navegadores tienen una configuraci\u00f3n para ello, y puede hacerlo siguiendo uno de los siguientes procedimientos que se detallan a continuaci\u00f3n:<\/p><ul><li><a href=\"http:\/\/support.google.com\/chrome\/answer\/95647?hl=es\"><strong>Google Chrome\u00a0 <\/strong><\/a><\/li><li><a href=\"http:\/\/support.mozilla.org\/es\/kb\/habilitar-y-deshabilitar-cookies-que-los-sitios-we\"><strong>Mozilla Firefox\u00a0 <\/strong><\/a><\/li><li><a href=\"http:\/\/windows.microsoft.com\/es-es\/windows-vista\/block-or-allow-cookies\"><strong>Internet Explorer\u00a0 <\/strong><\/a><\/li><li><a href=\"http:\/\/support.apple.com\/kb\/ph5042?viewlocale=es_es\"><strong>Safari\u00a0 <\/strong><\/a><\/li><li><a href=\"http:\/\/help.opera.com\/Windows\/12.10\/en\/cookies.html\"><strong>Opera\u00a0 <\/strong><\/a><\/li><li><a href=\"http:\/\/www.windowsphone.com\/es-es\/how-to\/wp7\/web\/changing-privacy-and-other-browser-settings\"><strong>Internet Explorer (Windows Phone)\u00a0 <\/strong><\/a><\/li><li><a href=\"http:\/\/support.apple.com\/kb\/ht1677?viewlocale=es_es\"><strong>Safari para IOS (iPhone y iPad)\u00a0 <\/strong><\/a><\/li><li><a href=\"http:\/\/support.google.com\/chrome\/answer\/2392971?hl=es\"><strong>Chrome para Android\u00a0 <\/strong><\/a><\/li><\/ul><p>\u00a0<\/p><p><strong>Esta web utiliza la informaci\u00f3n recopilada a trav\u00e9s de los siguientes tipos de cookies para mejorar los contenidos y el uso de este sitio Web.<\/strong><\/p>\t\t\t\t\t\t<\/div>\n\t\t\t\t<\/div>\n\t\t\t\t\t<\/div>\n\t\t<\/div>\n\t\t\t\t\t<\/div>\n\t\t<\/section>\n\t\t\t\t<section class=\"has_eae_slider elementor-section elementor-top-section elementor-element elementor-element-5bc5a38 elementor-section-boxed elementor-section-height-default elementor-section-height-default eltdf-parallax-row-no eltdf-content-aligment-left eltdf-elementor-row-grid-no eltdf-disabled-bg-image-bellow-no\" data-id=\"5bc5a38\" data-element_type=\"section\">\n\t\t\t\t\t\t<div class=\"elementor-container elementor-column-gap-default\">\n\t\t\t\t\t<div class=\"has_eae_slider elementor-column elementor-col-100 elementor-top-column elementor-element elementor-element-7498937\" data-id=\"7498937\" data-element_type=\"column\">\n\t\t\t<div class=\"elementor-widget-wrap elementor-element-populated\">\n\t\t\t\t\t\t<div class=\"elementor-element elementor-element-190d5de elementor-widget elementor-widget-image\" data-id=\"190d5de\" data-element_type=\"widget\" data-widget_type=\"image.default\">\n\t\t\t\t<div class=\"elementor-widget-container\">\n\t\t\t\t\t\t\t\t\t\t\t\t\t\t<a href=\"https:\/\/cancortada.com\/wp-content\/uploads\/2022\/02\/cookies-cancortada.jpg\" data-elementor-open-lightbox=\"yes\" data-elementor-lightbox-title=\"cookies-cancortada\" data-e-action-hash=\"#elementor-action%3Aaction%3Dlightbox%26settings%3DeyJpZCI6Nzg2NywidXJsIjoiaHR0cHM6XC9cL2NhbmNvcnRhZGEuY29tXC93cC1jb250ZW50XC91cGxvYWRzXC8yMDIyXC8wMlwvY29va2llcy1jYW5jb3J0YWRhLmpwZyJ9\">\n\t\t\t\t\t\t\t<img fetchpriority=\"high\" decoding=\"async\" width=\"1024\" height=\"116\" src=\"https:\/\/cancortada.com\/wp-content\/uploads\/2022\/02\/cookies-cancortada-1024x116.jpg\" class=\"attachment-large size-large wp-image-7867\" alt=\"\" srcset=\"https:\/\/cancortada.com\/wp-content\/uploads\/2022\/02\/cookies-cancortada-1024x116.jpg 1024w, https:\/\/cancortada.com\/wp-content\/uploads\/2022\/02\/cookies-cancortada-300x34.jpg 300w, https:\/\/cancortada.com\/wp-content\/uploads\/2022\/02\/cookies-cancortada-768x87.jpg 768w, https:\/\/cancortada.com\/wp-content\/uploads\/2022\/02\/cookies-cancortada-1536x174.jpg 1536w\" sizes=\"(max-width: 1024px) 100vw, 1024px\" \/>\t\t\t\t\t\t\t\t<\/a>\n\t\t\t\t\t\t\t\t\t\t\t\t\t<\/div>\n\t\t\t\t<\/div>\n\t\t\t\t\t<\/div>\n\t\t<\/div>\n\t\t\t\t\t<\/div>\n\t\t<\/section>\n\t\t\t\t<\/div>\n\t\t","protected":false},"excerpt":{"rendered":"<p>Pol\u00edtica de cookies Las cookies son datos acerca del usuario de un sitio Web que se almacenan en el ordenador del usuario y a los que se puede acceder cuando se vuelve a visitar el sitio web. Hay diversos tipos [&hellip;]<\/p>\n","protected":false},"author":1,"featured_media":0,"parent":0,"menu_order":0,"comment_status":"closed","ping_status":"closed","template":"","meta":{"footnotes":""},"yoast_head":"<!-- This site is optimized with the Yoast SEO plugin v24.5 - https:\/\/yoast.com\/wordpress\/plugins\/seo\/ -->\n<title>Pol\u00edtica de cookies - Can Cortada<\/title>\n<meta name=\"robots\" content=\"index, follow, max-snippet:-1, max-image-preview:large, max-video-preview:-1\" \/>\n<link rel=\"canonical\" href=\"https:\/\/cancortada.com\/es\/politica-de-cookies\/\" \/>\n<meta property=\"og:locale\" content=\"es_ES\" \/>\n<meta property=\"og:type\" content=\"article\" \/>\n<meta property=\"og:title\" content=\"Pol\u00edtica de cookies - Can Cortada\" \/>\n<meta property=\"og:description\" content=\"Pol\u00edtica de cookies Las cookies son datos acerca del usuario de un sitio Web que se almacenan en el ordenador del usuario y a los que se puede acceder cuando se vuelve a visitar el sitio web. Hay diversos tipos [&hellip;]\" \/>\n<meta property=\"og:url\" content=\"https:\/\/cancortada.com\/es\/politica-de-cookies\/\" \/>\n<meta property=\"og:site_name\" content=\"Can Cortada\" \/>\n<meta property=\"article:publisher\" content=\"https:\/\/www.facebook.com\/cancortada\/\" \/>\n<meta property=\"article:modified_time\" content=\"2022-02-21T16:21:37+00:00\" \/>\n<meta property=\"og:image\" content=\"https:\/\/cancortada.com\/wp-content\/uploads\/2022\/02\/cookies-cancortada-1024x116.jpg\" \/>\n<meta name=\"twitter:card\" content=\"summary_large_image\" \/>\n<meta name=\"twitter:label1\" content=\"Tiempo de lectura\" \/>\n\t<meta name=\"twitter:data1\" content=\"5 minutos\" \/>\n<script type=\"application\/ld+json\" class=\"yoast-schema-graph\">{\"@context\":\"https:\/\/schema.org\",\"@graph\":[{\"@type\":\"WebPage\",\"@id\":\"https:\/\/cancortada.com\/es\/politica-de-cookies\/\",\"url\":\"https:\/\/cancortada.com\/es\/politica-de-cookies\/\",\"name\":\"Pol\u00edtica de cookies - Can Cortada\",\"isPartOf\":{\"@id\":\"https:\/\/cancortada.com\/es\/#website\"},\"primaryImageOfPage\":{\"@id\":\"https:\/\/cancortada.com\/es\/politica-de-cookies\/#primaryimage\"},\"image\":{\"@id\":\"https:\/\/cancortada.com\/es\/politica-de-cookies\/#primaryimage\"},\"thumbnailUrl\":\"https:\/\/cancortada.com\/wp-content\/uploads\/2022\/02\/cookies-cancortada-1024x116.jpg\",\"datePublished\":\"2022-02-21T16:13:38+00:00\",\"dateModified\":\"2022-02-21T16:21:37+00:00\",\"breadcrumb\":{\"@id\":\"https:\/\/cancortada.com\/es\/politica-de-cookies\/#breadcrumb\"},\"inLanguage\":\"es\",\"potentialAction\":[{\"@type\":\"ReadAction\",\"target\":[\"https:\/\/cancortada.com\/es\/politica-de-cookies\/\"]}]},{\"@type\":\"ImageObject\",\"inLanguage\":\"es\",\"@id\":\"https:\/\/cancortada.com\/es\/politica-de-cookies\/#primaryimage\",\"url\":\"https:\/\/cancortada.com\/wp-content\/uploads\/2022\/02\/cookies-cancortada-1024x116.jpg\",\"contentUrl\":\"https:\/\/cancortada.com\/wp-content\/uploads\/2022\/02\/cookies-cancortada-1024x116.jpg\"},{\"@type\":\"BreadcrumbList\",\"@id\":\"https:\/\/cancortada.com\/es\/politica-de-cookies\/#breadcrumb\",\"itemListElement\":[{\"@type\":\"ListItem\",\"position\":1,\"name\":\"Portada\",\"item\":\"https:\/\/cancortada.com\/es\/\"},{\"@type\":\"ListItem\",\"position\":2,\"name\":\"Pol\u00edtica de cookies\"}]},{\"@type\":\"WebSite\",\"@id\":\"https:\/\/cancortada.com\/es\/#website\",\"url\":\"https:\/\/cancortada.com\/es\/\",\"name\":\"Can Cortada\",\"description\":\"\",\"publisher\":{\"@id\":\"https:\/\/cancortada.com\/es\/#organization\"},\"potentialAction\":[{\"@type\":\"SearchAction\",\"target\":{\"@type\":\"EntryPoint\",\"urlTemplate\":\"https:\/\/cancortada.com\/es\/?s={search_term_string}\"},\"query-input\":{\"@type\":\"PropertyValueSpecification\",\"valueRequired\":true,\"valueName\":\"search_term_string\"}}],\"inLanguage\":\"es\"},{\"@type\":\"Organization\",\"@id\":\"https:\/\/cancortada.com\/es\/#organization\",\"name\":\"Can Cortada\",\"url\":\"https:\/\/cancortada.com\/es\/\",\"logo\":{\"@type\":\"ImageObject\",\"inLanguage\":\"es\",\"@id\":\"https:\/\/cancortada.com\/es\/#\/schema\/logo\/image\/\",\"url\":\"https:\/\/cancortada.com\/wp-content\/uploads\/2021\/09\/logo.png\",\"contentUrl\":\"https:\/\/cancortada.com\/wp-content\/uploads\/2021\/09\/logo.png\",\"width\":241,\"height\":241,\"caption\":\"Can Cortada\"},\"image\":{\"@id\":\"https:\/\/cancortada.com\/es\/#\/schema\/logo\/image\/\"},\"sameAs\":[\"https:\/\/www.facebook.com\/cancortada\/\",\"https:\/\/www.instagram.com\/cancortada\"]}]}<\/script>\n<!-- \/ Yoast SEO plugin. -->","yoast_head_json":{"title":"Pol\u00edtica de cookies - Can Cortada","robots":{"index":"index","follow":"follow","max-snippet":"max-snippet:-1","max-image-preview":"max-image-preview:large","max-video-preview":"max-video-preview:-1"},"canonical":"https:\/\/cancortada.com\/es\/politica-de-cookies\/","og_locale":"es_ES","og_type":"article","og_title":"Pol\u00edtica de cookies - Can Cortada","og_description":"Pol\u00edtica de cookies Las cookies son datos acerca del usuario de un sitio Web que se almacenan en el ordenador del usuario y a los que se puede acceder cuando se vuelve a visitar el sitio web. Hay diversos tipos [&hellip;]","og_url":"https:\/\/cancortada.com\/es\/politica-de-cookies\/","og_site_name":"Can Cortada","article_publisher":"https:\/\/www.facebook.com\/cancortada\/","article_modified_time":"2022-02-21T16:21:37+00:00","og_image":[{"url":"https:\/\/cancortada.com\/wp-content\/uploads\/2022\/02\/cookies-cancortada-1024x116.jpg","type":"","width":"","height":""}],"twitter_card":"summary_large_image","twitter_misc":{"Tiempo de lectura":"5 minutos"},"schema":{"@context":"https:\/\/schema.org","@graph":[{"@type":"WebPage","@id":"https:\/\/cancortada.com\/es\/politica-de-cookies\/","url":"https:\/\/cancortada.com\/es\/politica-de-cookies\/","name":"Pol\u00edtica de cookies - Can Cortada","isPartOf":{"@id":"https:\/\/cancortada.com\/es\/#website"},"primaryImageOfPage":{"@id":"https:\/\/cancortada.com\/es\/politica-de-cookies\/#primaryimage"},"image":{"@id":"https:\/\/cancortada.com\/es\/politica-de-cookies\/#primaryimage"},"thumbnailUrl":"https:\/\/cancortada.com\/wp-content\/uploads\/2022\/02\/cookies-cancortada-1024x116.jpg","datePublished":"2022-02-21T16:13:38+00:00","dateModified":"2022-02-21T16:21:37+00:00","breadcrumb":{"@id":"https:\/\/cancortada.com\/es\/politica-de-cookies\/#breadcrumb"},"inLanguage":"es","potentialAction":[{"@type":"ReadAction","target":["https:\/\/cancortada.com\/es\/politica-de-cookies\/"]}]},{"@type":"ImageObject","inLanguage":"es","@id":"https:\/\/cancortada.com\/es\/politica-de-cookies\/#primaryimage","url":"https:\/\/cancortada.com\/wp-content\/uploads\/2022\/02\/cookies-cancortada-1024x116.jpg","contentUrl":"https:\/\/cancortada.com\/wp-content\/uploads\/2022\/02\/cookies-cancortada-1024x116.jpg"},{"@type":"BreadcrumbList","@id":"https:\/\/cancortada.com\/es\/politica-de-cookies\/#breadcrumb","itemListElement":[{"@type":"ListItem","position":1,"name":"Portada","item":"https:\/\/cancortada.com\/es\/"},{"@type":"ListItem","position":2,"name":"Pol\u00edtica de cookies"}]},{"@type":"WebSite","@id":"https:\/\/cancortada.com\/es\/#website","url":"https:\/\/cancortada.com\/es\/","name":"Can Cortada","description":"","publisher":{"@id":"https:\/\/cancortada.com\/es\/#organization"},"potentialAction":[{"@type":"SearchAction","target":{"@type":"EntryPoint","urlTemplate":"https:\/\/cancortada.com\/es\/?s={search_term_string}"},"query-input":{"@type":"PropertyValueSpecification","valueRequired":true,"valueName":"search_term_string"}}],"inLanguage":"es"},{"@type":"Organization","@id":"https:\/\/cancortada.com\/es\/#organization","name":"Can Cortada","url":"https:\/\/cancortada.com\/es\/","logo":{"@type":"ImageObject","inLanguage":"es","@id":"https:\/\/cancortada.com\/es\/#\/schema\/logo\/image\/","url":"https:\/\/cancortada.com\/wp-content\/uploads\/2021\/09\/logo.png","contentUrl":"https:\/\/cancortada.com\/wp-content\/uploads\/2021\/09\/logo.png","width":241,"height":241,"caption":"Can Cortada"},"image":{"@id":"https:\/\/cancortada.com\/es\/#\/schema\/logo\/image\/"},"sameAs":["https:\/\/www.facebook.com\/cancortada\/","https:\/\/www.instagram.com\/cancortada"]}]}},"_links":{"self":[{"href":"https:\/\/cancortada.com\/es\/wp-json\/wp\/v2\/pages\/7862"}],"collection":[{"href":"https:\/\/cancortada.com\/es\/wp-json\/wp\/v2\/pages"}],"about":[{"href":"https:\/\/cancortada.com\/es\/wp-json\/wp\/v2\/types\/page"}],"author":[{"embeddable":true,"href":"https:\/\/cancortada.com\/es\/wp-json\/wp\/v2\/users\/1"}],"replies":[{"embeddable":true,"href":"https:\/\/cancortada.com\/es\/wp-json\/wp\/v2\/comments?post=7862"}],"version-history":[{"count":6,"href":"https:\/\/cancortada.com\/es\/wp-json\/wp\/v2\/pages\/7862\/revisions"}],"predecessor-version":[{"id":7872,"href":"https:\/\/cancortada.com\/es\/wp-json\/wp\/v2\/pages\/7862\/revisions\/7872"}],"wp:attachment":[{"href":"https:\/\/cancortada.com\/es\/wp-json\/wp\/v2\/media?parent=7862"}],"curies":[{"name":"wp","href":"https:\/\/api.w.org\/{rel}","templated":true}]}}